{"id":5835,"date":"2022-06-02T19:30:02","date_gmt":"2022-06-02T19:30:02","guid":{"rendered":"https:\/\/geoinnova.cl\/?page_id=5835"},"modified":"2022-06-02T19:12:04","modified_gmt":"2022-06-02T19:12:04","slug":"wp-test1","status":"publish","type":"page","link":"https:\/\/geoinnova.cl\/en\/wp-test1\/","title":{"rendered":"wp test1"},"content":{"rendered":"<p>[et_pb_section fb_built=&#8221;1&#8243; theme_builder_area=&#8221;post_content&#8221; _builder_version=&#8221;4.15.1&#8243; _module_preset=&#8221;default&#8221;][et_pb_row _builder_version=&#8221;4.15.1&#8243; _module_preset=&#8221;default&#8221; theme_builder_area=&#8221;post_content&#8221;][et_pb_column _builder_version=&#8221;4.15.1&#8243; _module_preset=&#8221;default&#8221; type=&#8221;4_4&#8243; theme_builder_area=&#8221;post_content&#8221;][et_pb_image src=&#8221;https:\/\/geoinnova.cl\/wp-content\/uploads\/2019\/03\/DSC_8720.jpg&#8221; _builder_version=&#8221;4.15.1&#8243; _module_preset=&#8221;default&#8221; theme_builder_area=&#8221;post_content&#8221; hover_enabled=&#8221;0&#8243; sticky_enabled=&#8221;0&#8243; title_text=&#8221;DSC_8720&#8243; align=&#8221;center&#8221; width=&#8221;61%&#8221; module_alignment=&#8221;center&#8221; custom_margin=&#8221;||||false|false&#8221; border_color_all=&#8221;#000000&#8243; border_style_all=&#8221;groove&#8221; border_width_all=&#8221;4px&#8221;][\/et_pb_image][\/et_pb_column][\/et_pb_row][\/et_pb_section][et_pb_section fb_built=&#8221;1&#8243; fullwidth=&#8221;on&#8221; theme_builder_area=&#8221;post_content&#8221; _builder_version=&#8221;4.15.1&#8243; _module_preset=&#8221;default&#8221;][et_pb_fullwidth_slider _builder_version=&#8221;4.15.1&#8243; _module_preset=&#8221;default&#8221; theme_builder_area=&#8221;post_content&#8221; hover_enabled=&#8221;0&#8243; sticky_enabled=&#8221;0&#8243; admin_label=&#8221;Fullwidth Slider&#8221;][et_pb_slide heading=&#8221;Your Title Goes Here&#8221; button_text=&#8221;Click Here&#8221; _builder_version=&#8221;4.15.1&#8243; _module_preset=&#8221;default&#8221; theme_builder_area=&#8221;post_content&#8221; title_text=&#8221;montain-02&#8243; background_image=&#8221;https:\/\/geoinnova.cl\/wp-content\/uploads\/2018\/01\/montain-02.png&#8221; background_enable_image=&#8221;on&#8221; hover_enabled=&#8221;0&#8243; sticky_enabled=&#8221;0&#8243; parallax=&#8221;on&#8221;][\/et_pb_slide][et_pb_slide heading=&#8221;Your Title Goes Here&#8221; button_text=&#8221;Click Here&#8221; _builder_version=&#8221;4.15.1&#8243; _module_preset=&#8221;default&#8221; theme_builder_area=&#8221;post_content&#8221; title_text=&#8221;formacion-03&#8243; background_image=&#8221;https:\/\/geoinnova.cl\/wp-content\/uploads\/2018\/01\/formacion-03.png&#8221; background_enable_image=&#8221;on&#8221; hover_enabled=&#8221;0&#8243; sticky_enabled=&#8221;0&#8243; parallax=&#8221;on&#8221;][\/et_pb_slide][\/et_pb_fullwidth_slider][\/et_pb_section]<\/p>\n","protected":false},"excerpt":{"rendered":"<p>[et_pb_section fb_built=&#8221;1&#8243; theme_builder_area=&#8221;post_content&#8221; _builder_version=&#8221;4.15.1&#8243; _module_preset=&#8221;default&#8221;][et_pb_row _builder_version=&#8221;4.15.1&#8243; _module_preset=&#8221;default&#8221; theme_builder_area=&#8221;post_content&#8221;][et_pb_column _builder_version=&#8221;4.15.1&#8243; _module_preset=&#8221;default&#8221; type=&#8221;4_4&#8243; theme_builder_area=&#8221;post_content&#8221;][et_pb_image src=&#8221;https:\/\/geoinnova.cl\/wp-content\/uploads\/2019\/03\/DSC_8720.jpg&#8221; _builder_version=&#8221;4.15.1&#8243; _module_preset=&#8221;default&#8221; theme_builder_area=&#8221;post_content&#8221; hover_enabled=&#8221;0&#8243; sticky_enabled=&#8221;0&#8243; title_text=&#8221;DSC_8720&#8243; align=&#8221;center&#8221; [&hellip;]<\/p>\n","protected":false},"author":196,"featured_media":0,"parent":0,"menu_order":0,"comment_status":"closed","ping_status":"closed","template":"","meta":{"site-sidebar-layout":"default","site-content-layout":"","ast-site-content-layout":"","site-content-style":"default","site-sidebar-style":"default","ast-global-header-display":"","ast-banner-title-visibility":"","ast-main-header-display":"","ast-hfb-above-header-display":"","ast-hfb-below-header-display":"","ast-hfb-mobile-header-display":"","site-post-title":"","ast-breadcrumbs-content":"","ast-featured-img":"","footer-sml-layout":"","theme-transparent-header-meta":"","adv-header-id-meta":"","stick-header-meta":"","header-above-stick-meta":"","header-main-stick-meta":"","header-below-stick-meta":"","astra-migrate-meta-layouts":"default","ast-page-background-enabled":"default","ast-page-background-meta":{"desktop":{"background-color":"var(--ast-global-color-5)","background-image":"","background-repeat":"repeat","background-position":"center center","background-size":"auto","background-attachment":"scroll","background-type":"","background-media":"","overlay-type":"","overlay-color":"","overlay-opacity":"","overlay-gradient":""},"tablet":{"background-color":"","background-image":"","background-repeat":"repeat","background-position":"center center","background-size":"auto","background-attachment":"scroll","background-type":"","background-media":"","overlay-type":"","overlay-color":"","overlay-opacity":"","overlay-gradient":""},"mobile":{"background-color":"","background-image":"","background-repeat":"repeat","background-position":"center center","background-size":"auto","background-attachment":"scroll","background-type":"","background-media":"","overlay-type":"","overlay-color":"","overlay-opacity":"","overlay-gradient":""}},"ast-content-background-meta":{"desktop":{"background-color":"var(--ast-global-color-4)","background-image":"","background-repeat":"repeat","background-position":"center center","background-size":"auto","background-attachment":"scroll","background-type":"","background-media":"","overlay-type":"","overlay-color":"","overlay-opacity":"","overlay-gradient":""},"tablet":{"background-color":"var(--ast-global-color-4)","background-image":"","background-repeat":"repeat","background-position":"center center","background-size":"auto","background-attachment":"scroll","background-type":"","background-media":"","overlay-type":"","overlay-color":"","overlay-opacity":"","overlay-gradient":""},"mobile":{"background-color":"var(--ast-global-color-4)","background-image":"","background-repeat":"repeat","background-position":"center center","background-size":"auto","background-attachment":"scroll","background-type":"","background-media":"","overlay-type":"","overlay-color":"","overlay-opacity":"","overlay-gradient":""}},"footnotes":""},"class_list":["post-5835","page","type-page","status-publish","hentry"],"yoast_head":"<!-- This site is optimized with the Yoast SEO plugin v27.4 - https:\/\/yoast.com\/product\/yoast-seo-wordpress\/ -->\n<title>wp test1 - GeoInnova<\/title>\n<meta name=\"description\" content=\"GeoInnova es una empresa consultora de ingenier\u00eda y geociencias aplicadas a la miner\u00eda. Hacemos \u00e9nfasis en las transferencias de tecnolog\u00edas existentes y el ...\" \/>\n<meta name=\"robots\" content=\"index, follow, max-snippet:-1, max-image-preview:large, max-video-preview:-1\" \/>\n<link rel=\"canonical\" href=\"https:\/\/geoinnova.cl\/en\/wp-test1\/\" \/>\n<meta property=\"og:locale\" content=\"en_US\" \/>\n<meta property=\"og:type\" content=\"article\" \/>\n<meta property=\"og:title\" content=\"wp test1 - GeoInnova\" \/>\n<meta property=\"og:description\" content=\"GeoInnova es una empresa consultora de ingenier\u00eda y geociencias aplicadas a la miner\u00eda. Hacemos \u00e9nfasis en las transferencias de tecnolog\u00edas existentes y el ...\" \/>\n<meta property=\"og:url\" content=\"https:\/\/geoinnova.cl\/en\/wp-test1\/\" \/>\n<meta property=\"og:site_name\" content=\"GeoInnova\" \/>\n<meta name=\"twitter:card\" content=\"summary_large_image\" \/>\n<meta name=\"twitter:label1\" content=\"Est. reading time\" \/>\n\t<meta name=\"twitter:data1\" content=\"1 minute\" \/>\n<script type=\"application\/ld+json\" class=\"yoast-schema-graph\">{\"@context\":\"https:\\\/\\\/schema.org\",\"@graph\":[{\"@type\":\"WebPage\",\"@id\":\"https:\\\/\\\/geoinnova.cl\\\/wp-test1\\\/\",\"url\":\"https:\\\/\\\/geoinnova.cl\\\/wp-test1\\\/\",\"name\":\"wp test1 - GeoInnova\",\"isPartOf\":{\"@id\":\"https:\\\/\\\/geoinnova.cl\\\/#website\"},\"datePublished\":\"2022-06-02T19:30:02+00:00\",\"description\":\"GeoInnova es una empresa consultora de ingenier\u00eda y geociencias aplicadas a la miner\u00eda. Hacemos \u00e9nfasis en las transferencias de tecnolog\u00edas existentes y el ...\",\"breadcrumb\":{\"@id\":\"https:\\\/\\\/geoinnova.cl\\\/wp-test1\\\/#breadcrumb\"},\"inLanguage\":\"en-US\",\"potentialAction\":[{\"@type\":\"ReadAction\",\"target\":[\"https:\\\/\\\/geoinnova.cl\\\/wp-test1\\\/\"]}]},{\"@type\":\"BreadcrumbList\",\"@id\":\"https:\\\/\\\/geoinnova.cl\\\/wp-test1\\\/#breadcrumb\",\"itemListElement\":[{\"@type\":\"ListItem\",\"position\":1,\"name\":\"Portada\",\"item\":\"https:\\\/\\\/geoinnova.cl\\\/\"},{\"@type\":\"ListItem\",\"position\":2,\"name\":\"wp test1\"}]},{\"@type\":\"WebSite\",\"@id\":\"https:\\\/\\\/geoinnova.cl\\\/#website\",\"url\":\"https:\\\/\\\/geoinnova.cl\\\/\",\"name\":\"GeoInnova\",\"description\":\"Consultora de recursos geol\u00f3gicos y reservas mineras\",\"publisher\":{\"@id\":\"https:\\\/\\\/geoinnova.cl\\\/#organization\"},\"potentialAction\":[{\"@type\":\"SearchAction\",\"target\":{\"@type\":\"EntryPoint\",\"urlTemplate\":\"https:\\\/\\\/geoinnova.cl\\\/?s={search_term_string}\"},\"query-input\":{\"@type\":\"PropertyValueSpecification\",\"valueRequired\":true,\"valueName\":\"search_term_string\"}}],\"inLanguage\":\"en-US\"},{\"@type\":\"Organization\",\"@id\":\"https:\\\/\\\/geoinnova.cl\\\/#organization\",\"name\":\"GeoInnova\",\"url\":\"https:\\\/\\\/geoinnova.cl\\\/\",\"logo\":{\"@type\":\"ImageObject\",\"inLanguage\":\"en-US\",\"@id\":\"https:\\\/\\\/geoinnova.cl\\\/#\\\/schema\\\/logo\\\/image\\\/\",\"url\":\"https:\\\/\\\/geoinnova.cl\\\/wp-content\\\/uploads\\\/2025\\\/04\\\/logo.png\",\"contentUrl\":\"https:\\\/\\\/geoinnova.cl\\\/wp-content\\\/uploads\\\/2025\\\/04\\\/logo.png\",\"width\":244,\"height\":122,\"caption\":\"GeoInnova\"},\"image\":{\"@id\":\"https:\\\/\\\/geoinnova.cl\\\/#\\\/schema\\\/logo\\\/image\\\/\"}}]}<\/script>\n<!-- \/ Yoast SEO plugin. -->","yoast_head_json":{"title":"wp test1 - GeoInnova","description":"GeoInnova es una empresa consultora de ingenier\u00eda y geociencias aplicadas a la miner\u00eda. Hacemos \u00e9nfasis en las transferencias de tecnolog\u00edas existentes y el ...","robots":{"index":"index","follow":"follow","max-snippet":"max-snippet:-1","max-image-preview":"max-image-preview:large","max-video-preview":"max-video-preview:-1"},"canonical":"https:\/\/geoinnova.cl\/en\/wp-test1\/","og_locale":"en_US","og_type":"article","og_title":"wp test1 - GeoInnova","og_description":"GeoInnova es una empresa consultora de ingenier\u00eda y geociencias aplicadas a la miner\u00eda. Hacemos \u00e9nfasis en las transferencias de tecnolog\u00edas existentes y el ...","og_url":"https:\/\/geoinnova.cl\/en\/wp-test1\/","og_site_name":"GeoInnova","twitter_card":"summary_large_image","twitter_misc":{"Est. reading time":"1 minute"},"schema":{"@context":"https:\/\/schema.org","@graph":[{"@type":"WebPage","@id":"https:\/\/geoinnova.cl\/wp-test1\/","url":"https:\/\/geoinnova.cl\/wp-test1\/","name":"wp test1 - GeoInnova","isPartOf":{"@id":"https:\/\/geoinnova.cl\/#website"},"datePublished":"2022-06-02T19:30:02+00:00","description":"GeoInnova es una empresa consultora de ingenier\u00eda y geociencias aplicadas a la miner\u00eda. Hacemos \u00e9nfasis en las transferencias de tecnolog\u00edas existentes y el ...","breadcrumb":{"@id":"https:\/\/geoinnova.cl\/wp-test1\/#breadcrumb"},"inLanguage":"en-US","potentialAction":[{"@type":"ReadAction","target":["https:\/\/geoinnova.cl\/wp-test1\/"]}]},{"@type":"BreadcrumbList","@id":"https:\/\/geoinnova.cl\/wp-test1\/#breadcrumb","itemListElement":[{"@type":"ListItem","position":1,"name":"Portada","item":"https:\/\/geoinnova.cl\/"},{"@type":"ListItem","position":2,"name":"wp test1"}]},{"@type":"WebSite","@id":"https:\/\/geoinnova.cl\/#website","url":"https:\/\/geoinnova.cl\/","name":"GeoInnova","description":"Consultora de recursos geol\u00f3gicos y reservas mineras","publisher":{"@id":"https:\/\/geoinnova.cl\/#organization"},"potentialAction":[{"@type":"SearchAction","target":{"@type":"EntryPoint","urlTemplate":"https:\/\/geoinnova.cl\/?s={search_term_string}"},"query-input":{"@type":"PropertyValueSpecification","valueRequired":true,"valueName":"search_term_string"}}],"inLanguage":"en-US"},{"@type":"Organization","@id":"https:\/\/geoinnova.cl\/#organization","name":"GeoInnova","url":"https:\/\/geoinnova.cl\/","logo":{"@type":"ImageObject","inLanguage":"en-US","@id":"https:\/\/geoinnova.cl\/#\/schema\/logo\/image\/","url":"https:\/\/geoinnova.cl\/wp-content\/uploads\/2025\/04\/logo.png","contentUrl":"https:\/\/geoinnova.cl\/wp-content\/uploads\/2025\/04\/logo.png","width":244,"height":122,"caption":"GeoInnova"},"image":{"@id":"https:\/\/geoinnova.cl\/#\/schema\/logo\/image\/"}}]}},"_links":{"self":[{"href":"https:\/\/geoinnova.cl\/en\/wp-json\/wp\/v2\/pages\/5835","targetHints":{"allow":["GET"]}}],"collection":[{"href":"https:\/\/geoinnova.cl\/en\/wp-json\/wp\/v2\/pages"}],"about":[{"href":"https:\/\/geoinnova.cl\/en\/wp-json\/wp\/v2\/types\/page"}],"author":[{"embeddable":true,"href":"https:\/\/geoinnova.cl\/en\/wp-json\/wp\/v2\/users\/196"}],"replies":[{"embeddable":true,"href":"https:\/\/geoinnova.cl\/en\/wp-json\/wp\/v2\/comments?post=5835"}],"version-history":[{"count":0,"href":"https:\/\/geoinnova.cl\/en\/wp-json\/wp\/v2\/pages\/5835\/revisions"}],"wp:attachment":[{"href":"https:\/\/geoinnova.cl\/en\/wp-json\/wp\/v2\/media?parent=5835"}],"curies":[{"name":"wp","href":"https:\/\/api.w.org\/{rel}","templated":true}]}}