{"id":5793,"date":"2021-09-27T17:57:31","date_gmt":"2021-09-27T17:57:31","guid":{"rendered":"https:\/\/geoinnova.cl\/?page_id=5793"},"modified":"2025-05-20T19:52:26","modified_gmt":"2025-05-20T19:52:26","slug":"centro-descargas","status":"publish","type":"page","link":"https:\/\/geoinnova.cl\/en\/centro-descargas\/","title":{"rendered":"Download Center"},"content":{"rendered":"<p>[et_pb_section fb_built=&#8221;1&#8243; fullwidth=&#8221;on&#8221; custom_padding_last_edited=&#8221;on|desktop&#8221; admin_label=&#8221;section&#8221; _builder_version=&#8221;3.22&#8243; background_color=&#8221;#305a62&#8243; background_image=&#8221;https:\/\/geoinnova.cl\/wp-content\/uploads\/2021\/05\/map_geoinnova.png&#8221; custom_padding_tablet=&#8221;50px|0|50px|0&#8243; custom_padding_phone=&#8221;&#8221; transparent_background=&#8221;off&#8221; padding_mobile=&#8221;off&#8221; make_fullwidth=&#8221;off&#8221; use_custom_width=&#8221;off&#8221; width_unit=&#8221;on&#8221; locked=&#8221;off&#8221;][et_pb_fullwidth_header title=&#8221;Centro de Descargas&#8221; content_max_width=&#8221;none&#8221; admin_label=&#8221;Fullwidth Header&#8221; _builder_version=&#8221;4.9.4&#8243; title_font=&#8221;|300||on|||||&#8221; background_color=&#8221;rgba(255, 255, 255, 0)&#8221; background_image=&#8221;https:\/\/geoinnova.cl\/wp-content\/uploads\/2019\/12\/fondo_nuevo_033.jpg&#8221; min_height=&#8221;352px&#8221; custom_margin=&#8221;||7px|||&#8221; custom_padding=&#8221;||97px|||&#8221; hover_enabled=&#8221;0&#8243; background_url=&#8221;https:\/\/geoinnova.cl\/wp-content\/uploads\/2019\/12\/fondo_nuevo_033.jpg&#8221; button_one_letter_spacing_hover=&#8221;0&#8243; button_two_letter_spacing_hover=&#8221;0&#8243; button_one_text_size__hover_enabled=&#8221;off&#8221; button_two_text_size__hover_enabled=&#8221;off&#8221; button_one_text_color__hover_enabled=&#8221;off&#8221; button_two_text_color__hover_enabled=&#8221;off&#8221; button_one_border_width__hover_enabled=&#8221;off&#8221; button_two_border_width__hover_enabled=&#8221;off&#8221; button_one_border_color__hover_enabled=&#8221;off&#8221; button_two_border_color__hover_enabled=&#8221;off&#8221; button_one_border_radius__hover_enabled=&#8221;off&#8221; button_two_border_radius__hover_enabled=&#8221;off&#8221; button_one_letter_spacing__hover_enabled=&#8221;on&#8221; button_one_letter_spacing__hover=&#8221;0&#8243; button_two_letter_spacing__hover_enabled=&#8221;on&#8221; button_two_letter_spacing__hover=&#8221;0&#8243; button_one_bg_color__hover_enabled=&#8221;off&#8221; button_two_bg_color__hover_enabled=&#8221;off&#8221; sticky_enabled=&#8221;0&#8243;][\/et_pb_fullwidth_header][\/et_pb_section][et_pb_section fb_built=&#8221;1&#8243; _builder_version=&#8221;4.9.4&#8243; _module_preset=&#8221;default&#8221; min_height=&#8221;736px&#8221; custom_margin=&#8221;-9px|||||&#8221; custom_padding=&#8221;45px|||||&#8221;][et_pb_row _builder_version=&#8221;4.9.4&#8243; _module_preset=&#8221;default&#8221;][et_pb_column type=&#8221;4_4&#8243; _builder_version=&#8221;4.9.4&#8243; _module_preset=&#8221;default&#8221;][et_pb_code _builder_version=&#8221;4.9.4&#8243; _module_preset=&#8221;default&#8221;]<\/p>\n<div style=\"height: 600px\"><!-- [et_pb_line_break_holder] --><iframe src=\"https:\/\/gnv-download-center.ey.r.appspot.com\/\" style=\"width: -webkit-fill-available; height: 100%\"><\/iframe>  <!-- [et_pb_line_break_holder] --><\/div>\n<p><!-- [et_pb_line_break_holder] -->[\/et_pb_code][\/et_pb_column][\/et_pb_row][\/et_pb_section]<\/p>\n","protected":false},"excerpt":{"rendered":"<p>[et_pb_section fb_built=&#8221;1&#8243; fullwidth=&#8221;on&#8221; custom_padding_last_edited=&#8221;on|desktop&#8221; admin_label=&#8221;section&#8221; _builder_version=&#8221;3.22&#8243; background_color=&#8221;#305a62&#8243; background_image=&#8221;https:\/\/geoinnova.cl\/wp-content\/uploads\/2021\/05\/map_geoinnova.png&#8221; custom_padding_tablet=&#8221;50px|0|50px|0&#8243; custom_padding_phone=&#8221;&#8221; transparent_background=&#8221;off&#8221; padding_mobile=&#8221;off&#8221; make_fullwidth=&#8221;off&#8221; use_custom_width=&#8221;off&#8221; width_unit=&#8221;on&#8221; locked=&#8221;off&#8221;][et_pb_fullwidth_header title=&#8221;Centro de Descargas&#8221; content_max_width=&#8221;none&#8221; [&hellip;]<\/p>\n","protected":false},"author":196,"featured_media":0,"parent":0,"menu_order":0,"comment_status":"closed","ping_status":"closed","template":"","meta":{"site-sidebar-layout":"default","site-content-layout":"","ast-site-content-layout":"","site-content-style":"default","site-sidebar-style":"default","ast-global-header-display":"","ast-banner-title-visibility":"","ast-main-header-display":"","ast-hfb-above-header-display":"","ast-hfb-below-header-display":"","ast-hfb-mobile-header-display":"","site-post-title":"","ast-breadcrumbs-content":"","ast-featured-img":"","footer-sml-layout":"","theme-transparent-header-meta":"","adv-header-id-meta":"","stick-header-meta":"","header-above-stick-meta":"","header-main-stick-meta":"","header-below-stick-meta":"","astra-migrate-meta-layouts":"default","ast-page-background-enabled":"default","ast-page-background-meta":{"desktop":{"background-color":"var(--ast-global-color-5)","background-image":"","background-repeat":"repeat","background-position":"center center","background-size":"auto","background-attachment":"scroll","background-type":"","background-media":"","overlay-type":"","overlay-color":"","overlay-opacity":"","overlay-gradient":""},"tablet":{"background-color":"","background-image":"","background-repeat":"repeat","background-position":"center center","background-size":"auto","background-attachment":"scroll","background-type":"","background-media":"","overlay-type":"","overlay-color":"","overlay-opacity":"","overlay-gradient":""},"mobile":{"background-color":"","background-image":"","background-repeat":"repeat","background-position":"center center","background-size":"auto","background-attachment":"scroll","background-type":"","background-media":"","overlay-type":"","overlay-color":"","overlay-opacity":"","overlay-gradient":""}},"ast-content-background-meta":{"desktop":{"background-color":"var(--ast-global-color-4)","background-image":"","background-repeat":"repeat","background-position":"center center","background-size":"auto","background-attachment":"scroll","background-type":"","background-media":"","overlay-type":"","overlay-color":"","overlay-opacity":"","overlay-gradient":""},"tablet":{"background-color":"var(--ast-global-color-4)","background-image":"","background-repeat":"repeat","background-position":"center center","background-size":"auto","background-attachment":"scroll","background-type":"","background-media":"","overlay-type":"","overlay-color":"","overlay-opacity":"","overlay-gradient":""},"mobile":{"background-color":"var(--ast-global-color-4)","background-image":"","background-repeat":"repeat","background-position":"center center","background-size":"auto","background-attachment":"scroll","background-type":"","background-media":"","overlay-type":"","overlay-color":"","overlay-opacity":"","overlay-gradient":""}},"footnotes":""},"class_list":["post-5793","page","type-page","status-publish","hentry"],"yoast_head":"<!-- This site is optimized with the Yoast SEO plugin v27.4 - https:\/\/yoast.com\/product\/yoast-seo-wordpress\/ -->\n<title>Centro de Descargas - GeoInnova<\/title>\n<meta name=\"description\" content=\"GeoInnova es una empresa consultora de ingenier\u00eda y geociencias aplicadas a la miner\u00eda. Hacemos \u00e9nfasis en las transferencias de tecnolog\u00edas existentes y el ...\" \/>\n<meta name=\"robots\" content=\"noindex, follow\" \/>\n<meta property=\"og:locale\" content=\"en_US\" \/>\n<meta property=\"og:type\" content=\"article\" \/>\n<meta property=\"og:title\" content=\"Centro de Descargas - GeoInnova\" \/>\n<meta property=\"og:description\" content=\"GeoInnova es una empresa consultora de ingenier\u00eda y geociencias aplicadas a la miner\u00eda. Hacemos \u00e9nfasis en las transferencias de tecnolog\u00edas existentes y el ...\" \/>\n<meta property=\"og:url\" content=\"https:\/\/geoinnova.cl\/en\/centro-descargas\/\" \/>\n<meta property=\"og:site_name\" content=\"GeoInnova\" \/>\n<meta property=\"article:modified_time\" content=\"2025-05-20T19:52:26+00:00\" \/>\n<meta name=\"twitter:card\" content=\"summary_large_image\" \/>\n<meta name=\"twitter:label1\" content=\"Est. reading time\" \/>\n\t<meta name=\"twitter:data1\" content=\"1 minute\" \/>\n<script type=\"application\/ld+json\" class=\"yoast-schema-graph\">{\"@context\":\"https:\\\/\\\/schema.org\",\"@graph\":[{\"@type\":\"WebPage\",\"@id\":\"https:\\\/\\\/geoinnova.cl\\\/centro-descargas\\\/\",\"url\":\"https:\\\/\\\/geoinnova.cl\\\/centro-descargas\\\/\",\"name\":\"Centro de Descargas - GeoInnova\",\"isPartOf\":{\"@id\":\"https:\\\/\\\/geoinnova.cl\\\/#website\"},\"datePublished\":\"2021-09-27T17:57:31+00:00\",\"dateModified\":\"2025-05-20T19:52:26+00:00\",\"description\":\"GeoInnova es una empresa consultora de ingenier\u00eda y geociencias aplicadas a la miner\u00eda. Hacemos \u00e9nfasis en las transferencias de tecnolog\u00edas existentes y el ...\",\"breadcrumb\":{\"@id\":\"https:\\\/\\\/geoinnova.cl\\\/centro-descargas\\\/#breadcrumb\"},\"inLanguage\":\"en-US\",\"potentialAction\":[{\"@type\":\"ReadAction\",\"target\":[\"https:\\\/\\\/geoinnova.cl\\\/centro-descargas\\\/\"]}]},{\"@type\":\"BreadcrumbList\",\"@id\":\"https:\\\/\\\/geoinnova.cl\\\/centro-descargas\\\/#breadcrumb\",\"itemListElement\":[{\"@type\":\"ListItem\",\"position\":1,\"name\":\"Portada\",\"item\":\"https:\\\/\\\/geoinnova.cl\\\/\"},{\"@type\":\"ListItem\",\"position\":2,\"name\":\"Centro de Descargas\"}]},{\"@type\":\"WebSite\",\"@id\":\"https:\\\/\\\/geoinnova.cl\\\/#website\",\"url\":\"https:\\\/\\\/geoinnova.cl\\\/\",\"name\":\"GeoInnova\",\"description\":\"Consultora de recursos geol\u00f3gicos y reservas mineras\",\"publisher\":{\"@id\":\"https:\\\/\\\/geoinnova.cl\\\/#organization\"},\"potentialAction\":[{\"@type\":\"SearchAction\",\"target\":{\"@type\":\"EntryPoint\",\"urlTemplate\":\"https:\\\/\\\/geoinnova.cl\\\/?s={search_term_string}\"},\"query-input\":{\"@type\":\"PropertyValueSpecification\",\"valueRequired\":true,\"valueName\":\"search_term_string\"}}],\"inLanguage\":\"en-US\"},{\"@type\":\"Organization\",\"@id\":\"https:\\\/\\\/geoinnova.cl\\\/#organization\",\"name\":\"GeoInnova\",\"url\":\"https:\\\/\\\/geoinnova.cl\\\/\",\"logo\":{\"@type\":\"ImageObject\",\"inLanguage\":\"en-US\",\"@id\":\"https:\\\/\\\/geoinnova.cl\\\/#\\\/schema\\\/logo\\\/image\\\/\",\"url\":\"https:\\\/\\\/geoinnova.cl\\\/wp-content\\\/uploads\\\/2025\\\/04\\\/logo.png\",\"contentUrl\":\"https:\\\/\\\/geoinnova.cl\\\/wp-content\\\/uploads\\\/2025\\\/04\\\/logo.png\",\"width\":244,\"height\":122,\"caption\":\"GeoInnova\"},\"image\":{\"@id\":\"https:\\\/\\\/geoinnova.cl\\\/#\\\/schema\\\/logo\\\/image\\\/\"}}]}<\/script>\n<!-- \/ Yoast SEO plugin. -->","yoast_head_json":{"title":"Centro de Descargas - GeoInnova","description":"GeoInnova es una empresa consultora de ingenier\u00eda y geociencias aplicadas a la miner\u00eda. Hacemos \u00e9nfasis en las transferencias de tecnolog\u00edas existentes y el ...","robots":{"index":"noindex","follow":"follow"},"og_locale":"en_US","og_type":"article","og_title":"Centro de Descargas - GeoInnova","og_description":"GeoInnova es una empresa consultora de ingenier\u00eda y geociencias aplicadas a la miner\u00eda. Hacemos \u00e9nfasis en las transferencias de tecnolog\u00edas existentes y el ...","og_url":"https:\/\/geoinnova.cl\/en\/centro-descargas\/","og_site_name":"GeoInnova","article_modified_time":"2025-05-20T19:52:26+00:00","twitter_card":"summary_large_image","twitter_misc":{"Est. reading time":"1 minute"},"schema":{"@context":"https:\/\/schema.org","@graph":[{"@type":"WebPage","@id":"https:\/\/geoinnova.cl\/centro-descargas\/","url":"https:\/\/geoinnova.cl\/centro-descargas\/","name":"Centro de Descargas - GeoInnova","isPartOf":{"@id":"https:\/\/geoinnova.cl\/#website"},"datePublished":"2021-09-27T17:57:31+00:00","dateModified":"2025-05-20T19:52:26+00:00","description":"GeoInnova es una empresa consultora de ingenier\u00eda y geociencias aplicadas a la miner\u00eda. Hacemos \u00e9nfasis en las transferencias de tecnolog\u00edas existentes y el ...","breadcrumb":{"@id":"https:\/\/geoinnova.cl\/centro-descargas\/#breadcrumb"},"inLanguage":"en-US","potentialAction":[{"@type":"ReadAction","target":["https:\/\/geoinnova.cl\/centro-descargas\/"]}]},{"@type":"BreadcrumbList","@id":"https:\/\/geoinnova.cl\/centro-descargas\/#breadcrumb","itemListElement":[{"@type":"ListItem","position":1,"name":"Portada","item":"https:\/\/geoinnova.cl\/"},{"@type":"ListItem","position":2,"name":"Centro de Descargas"}]},{"@type":"WebSite","@id":"https:\/\/geoinnova.cl\/#website","url":"https:\/\/geoinnova.cl\/","name":"GeoInnova","description":"Consultora de recursos geol\u00f3gicos y reservas mineras","publisher":{"@id":"https:\/\/geoinnova.cl\/#organization"},"potentialAction":[{"@type":"SearchAction","target":{"@type":"EntryPoint","urlTemplate":"https:\/\/geoinnova.cl\/?s={search_term_string}"},"query-input":{"@type":"PropertyValueSpecification","valueRequired":true,"valueName":"search_term_string"}}],"inLanguage":"en-US"},{"@type":"Organization","@id":"https:\/\/geoinnova.cl\/#organization","name":"GeoInnova","url":"https:\/\/geoinnova.cl\/","logo":{"@type":"ImageObject","inLanguage":"en-US","@id":"https:\/\/geoinnova.cl\/#\/schema\/logo\/image\/","url":"https:\/\/geoinnova.cl\/wp-content\/uploads\/2025\/04\/logo.png","contentUrl":"https:\/\/geoinnova.cl\/wp-content\/uploads\/2025\/04\/logo.png","width":244,"height":122,"caption":"GeoInnova"},"image":{"@id":"https:\/\/geoinnova.cl\/#\/schema\/logo\/image\/"}}]}},"_links":{"self":[{"href":"https:\/\/geoinnova.cl\/en\/wp-json\/wp\/v2\/pages\/5793","targetHints":{"allow":["GET"]}}],"collection":[{"href":"https:\/\/geoinnova.cl\/en\/wp-json\/wp\/v2\/pages"}],"about":[{"href":"https:\/\/geoinnova.cl\/en\/wp-json\/wp\/v2\/types\/page"}],"author":[{"embeddable":true,"href":"https:\/\/geoinnova.cl\/en\/wp-json\/wp\/v2\/users\/196"}],"replies":[{"embeddable":true,"href":"https:\/\/geoinnova.cl\/en\/wp-json\/wp\/v2\/comments?post=5793"}],"version-history":[{"count":1,"href":"https:\/\/geoinnova.cl\/en\/wp-json\/wp\/v2\/pages\/5793\/revisions"}],"predecessor-version":[{"id":7043,"href":"https:\/\/geoinnova.cl\/en\/wp-json\/wp\/v2\/pages\/5793\/revisions\/7043"}],"wp:attachment":[{"href":"https:\/\/geoinnova.cl\/en\/wp-json\/wp\/v2\/media?parent=5793"}],"curies":[{"name":"wp","href":"https:\/\/api.w.org\/{rel}","templated":true}]}}