{"id":5173,"date":"2020-06-18T14:30:38","date_gmt":"2020-06-18T14:30:38","guid":{"rendered":"https:\/\/geoinnova.cl\/?page_id=5173"},"modified":"2025-05-20T19:53:46","modified_gmt":"2025-05-20T19:53:46","slug":"centro-aprendizaje","status":"publish","type":"page","link":"https:\/\/geoinnova.cl\/en\/centro-id\/centro-aprendizaje\/","title":{"rendered":"Learning Center"},"content":{"rendered":"<p>[et_pb_section fb_built=&#8221;1&#8243; fullwidth=&#8221;on&#8221; custom_padding_last_edited=&#8221;on|desktop&#8221; admin_label=&#8221;Secci\u00f3n&#8221; _builder_version=&#8221;3.22&#8243; background_color=&#8221;rgba(255,255,255,0)&#8221; parallax=&#8221;on&#8221; custom_padding_tablet=&#8221;50px|0|50px|0&#8243; transparent_background=&#8221;on&#8221; padding_mobile=&#8221;off&#8221; make_fullwidth=&#8221;off&#8221; use_custom_width=&#8221;off&#8221; width_unit=&#8221;on&#8221;][et_pb_fullwidth_header title=&#8221;GeoInnova Learning Center&#8221; subhead=&#8221; &#8221; text_orientation=&#8221;center&#8221; background_overlay_color=&#8221;rgba(0,0,15,0.45)&#8221; content_max_width=&#8221;none&#8221; admin_label=&#8221;T\u00edtulo de anchura completa&#8221; _builder_version=&#8221;3.16&#8243; background_color=&#8221;rgba(255, 255, 255, 0)&#8221; background_image=&#8221;https:\/\/geoinnova.cl\/wp-content\/uploads\/2018\/01\/geoInnova.jpg&#8221; parallax=&#8221;on&#8221; parallax_method=&#8221;on&#8221; custom_css_main_element=&#8221;padding-bottom : 0px !important;&#8221; background_url=&#8221;https:\/\/geoinnova.cl\/wp-content\/uploads\/2018\/01\/geoInnova.jpg&#8221; button_one_letter_spacing_hover=&#8221;0&#8243; button_two_letter_spacing_hover=&#8221;0&#8243; button_one_text_size__hover_enabled=&#8221;off&#8221; button_two_text_size__hover_enabled=&#8221;off&#8221; button_one_text_color__hover_enabled=&#8221;off&#8221; button_two_text_color__hover_enabled=&#8221;off&#8221; button_one_border_width__hover_enabled=&#8221;off&#8221; button_two_border_width__hover_enabled=&#8221;off&#8221; button_one_border_color__hover_enabled=&#8221;off&#8221; button_two_border_color__hover_enabled=&#8221;off&#8221; button_one_border_radius__hover_enabled=&#8221;off&#8221; button_two_border_radius__hover_enabled=&#8221;off&#8221; button_one_letter_spacing__hover_enabled=&#8221;on&#8221; button_one_letter_spacing__hover=&#8221;0&#8243; button_two_letter_spacing__hover_enabled=&#8221;on&#8221; button_two_letter_spacing__hover=&#8221;0&#8243; button_one_bg_color__hover_enabled=&#8221;off&#8221; button_two_bg_color__hover_enabled=&#8221;off&#8221;]<\/p>\n<p style=\"text-align: center;\">El Centro de I+D nace a partir del conocimiento adquirido durante a\u00f1os de trabajo con nuestros clientes, buscando siempre la mejor soluci\u00f3n a los problemas espec\u00edficos de ellos. Luego de varios a\u00f1os de enfrentarnos a variados problemas geo-minero-metal\u00fargicos con una componente de I+D, contamos con un capital humano y desarrollos tecnol\u00f3gicos que deseamos compartir con la comunidad.<\/p>\n<p style=\"text-align: center;\">Buscamos entregar cursos introductorios a la comunidad de la industria minera con el objetivo de ayudar a incrementar las competencias de quienes se est\u00e9n iniciando en la incorporaci\u00f3n de tecnolog\u00edas tales como programaci\u00f3n en Python, Ciencia de Datos, Machine Learning, geoestad\u00edstica avanzada, entre otras.<\/p>\n<p style=\"text-align: center;\">Para m\u00e1s informaci\u00f3n escr\u00edbenos a capacitaciones@geoinnova.cl<\/p>\n<p>[\/et_pb_fullwidth_header][\/et_pb_section][et_pb_section fb_built=&#8221;1&#8243; custom_padding_last_edited=&#8221;on|desktop&#8221; admin_label=&#8221;IntroDataSciencePython&#8221; _builder_version=&#8221;3.22&#8243; background_color=&#8221;#ffffff&#8221; custom_padding_tablet=&#8221;50px|0|50px|0&#8243; transparent_background=&#8221;off&#8221; padding_mobile=&#8221;off&#8221; make_fullwidth=&#8221;off&#8221; use_custom_width=&#8221;off&#8221; width_unit=&#8221;on&#8221;][et_pb_row padding_mobile=&#8221;off&#8221; column_padding_mobile=&#8221;on&#8221; admin_label=&#8221;Fila&#8221; _builder_version=&#8221;3.25&#8243; background_size=&#8221;initial&#8221; background_position=&#8221;top_left&#8221; background_repeat=&#8221;repeat&#8221; custom_css_main_element=&#8221;padding-top : 0px !important;&#8221; make_fullwidth=&#8221;off&#8221; use_custom_width=&#8221;off&#8221; width_unit=&#8221;on&#8221; column_structure=&#8221;1_4,1_2,1_4&#8243;][et_pb_column type=&#8221;1_4&#8243; _builder_version=&#8221;3.25&#8243; custom_padding=&#8221;|||&#8221; custom_padding__hover=&#8221;|||&#8221;][\/et_pb_column][et_pb_column type=&#8221;1_2&#8243; _builder_version=&#8221;3.25&#8243; custom_padding=&#8221;|||&#8221; custom_padding__hover=&#8221;|||&#8221;][et_pb_text admin_label=&#8221;Texto&#8221; _builder_version=&#8221;3.27.4&#8243; background_size=&#8221;initial&#8221; background_position=&#8221;top_left&#8221; background_repeat=&#8221;repeat&#8221; text_orientation=&#8221;center&#8221; module_alignment=&#8221;center&#8221; use_border_color=&#8221;off&#8221; border_color=&#8221;#ffffff&#8221; border_style=&#8221;solid&#8221;]<\/p>\n<h1>Cursos<\/h1>\n<p>[\/et_pb_text][\/et_pb_column][et_pb_column type=&#8221;1_4&#8243; _builder_version=&#8221;3.25&#8243; custom_padding=&#8221;|||&#8221; custom_padding__hover=&#8221;|||&#8221;][\/et_pb_column][\/et_pb_row][et_pb_row padding_mobile=&#8221;off&#8221; make_equal=&#8221;on&#8221; column_padding_mobile=&#8221;on&#8221; admin_label=&#8221;Fila&#8221; module_class=&#8221; et_pb_row_fullwidth&#8221; _builder_version=&#8221;3.25&#8243; background_size=&#8221;initial&#8221; background_position=&#8221;top_left&#8221; background_repeat=&#8221;repeat&#8221; width=&#8221;89%&#8221; width_tablet=&#8221;80%&#8221; width_last_edited=&#8221;on|desktop&#8221; max_width=&#8221;89%&#8221; max_width_tablet=&#8221;80%&#8221; max_width_last_edited=&#8221;on|desktop&#8221; custom_css_main_element=&#8221;display: flex;||justify-content: center;||align-items: center;&#8221; make_fullwidth=&#8221;on&#8221; use_custom_width=&#8221;off&#8221; width_unit=&#8221;on&#8221; column_structure=&#8221;1_3,2_3&#8243;][et_pb_column type=&#8221;1_3&#8243; _builder_version=&#8221;3.25&#8243; custom_padding=&#8221;|||&#8221; custom_padding__hover=&#8221;|||&#8221;][et_pb_video src=&#8221;https:\/\/youtu.be\/Pwf6C5BEc0U&#8221; admin_label=&#8221;V\u00eddeo&#8221; _builder_version=&#8221;3.0.47&#8243;]&nbsp;<br \/>\n[\/et_pb_video][\/et_pb_column][et_pb_column type=&#8221;2_3&#8243; _builder_version=&#8221;3.25&#8243; custom_padding=&#8221;|||&#8221; custom_padding__hover=&#8221;|||&#8221;][et_pb_text admin_label=&#8221;IntroDataSciencePython&#8221; _builder_version=&#8221;3.27.4&#8243; background_size=&#8221;initial&#8221; background_position=&#8221;top_left&#8221; background_repeat=&#8221;repeat&#8221; use_border_color=&#8221;off&#8221; border_color=&#8221;#ffffff&#8221; border_style=&#8221;solid&#8221;]<\/p>\n<blockquote>\n<h4>Intro a Data Analytics en Geociencias con Python<\/h4>\n<p>T\u00f3picos Principales:<\/p>\n<ul>\n<li>Carga de archivos en Pandas (DataFrame).<\/li>\n<li>Visualizaci\u00f3n 3D (Plotly).<\/li>\n<li>Generaci\u00f3n de estad\u00edsticas.<\/li>\n<li>Creaci\u00f3n de unidad de estimaci\u00f3n.<\/li>\n<li>Validaciones.<\/li>\n<li>An\u00e1lisis multivariable.<\/li>\n<li>Exportaci\u00f3n de datos.<\/li>\n<\/ul>\n<p>M\u00f3dulos : 8<\/p>\n<p>Duraci\u00f3n Total Videos: 60 min.<\/p>\n<p>Duraci\u00f3n Total Pr\u00e1ctica : 4 horas<\/p>\n<p>&nbsp;<\/p>\n<p>[button link=&#8221;https:\/\/geoinnova.cl\/centro-id\/centro-aprendizaje\/intro-da-gc-python\/&#8221; type=&#8221;big&#8221;] Ver Curso[\/button]<\/p><\/blockquote>\n<p>[\/et_pb_text][\/et_pb_column][\/et_pb_row][et_pb_row padding_mobile=&#8221;off&#8221; make_equal=&#8221;on&#8221; column_padding_mobile=&#8221;on&#8221; admin_label=&#8221;Fila&#8221; module_class=&#8221; et_pb_row_fullwidth&#8221; _builder_version=&#8221;3.25&#8243; background_size=&#8221;initial&#8221; background_position=&#8221;top_left&#8221; background_repeat=&#8221;repeat&#8221; width=&#8221;89%&#8221; width_tablet=&#8221;80%&#8221; width_last_edited=&#8221;on|desktop&#8221; max_width=&#8221;89%&#8221; max_width_tablet=&#8221;80%&#8221; max_width_last_edited=&#8221;on|desktop&#8221; custom_css_main_element=&#8221;display: flex;||justify-content: center;||align-items: center;&#8221; make_fullwidth=&#8221;on&#8221; use_custom_width=&#8221;off&#8221; width_unit=&#8221;on&#8221; column_structure=&#8221;1_3,2_3&#8243;][et_pb_column type=&#8221;1_3&#8243; _builder_version=&#8221;3.25&#8243; custom_padding=&#8221;|||&#8221; custom_padding__hover=&#8221;|||&#8221;][\/et_pb_column][et_pb_column type=&#8221;2_3&#8243; _builder_version=&#8221;3.25&#8243; custom_padding=&#8221;|||&#8221; custom_padding__hover=&#8221;|||&#8221;][\/et_pb_column][\/et_pb_row][\/et_pb_section]<\/p>\n","protected":false},"excerpt":{"rendered":"<p>[et_pb_section fb_built=&#8221;1&#8243; fullwidth=&#8221;on&#8221; custom_padding_last_edited=&#8221;on|desktop&#8221; admin_label=&#8221;Secci\u00f3n&#8221; _builder_version=&#8221;3.22&#8243; background_color=&#8221;rgba(255,255,255,0)&#8221; parallax=&#8221;on&#8221; custom_padding_tablet=&#8221;50px|0|50px|0&#8243; transparent_background=&#8221;on&#8221; padding_mobile=&#8221;off&#8221; make_fullwidth=&#8221;off&#8221; use_custom_width=&#8221;off&#8221; width_unit=&#8221;on&#8221;][et_pb_fullwidth_header title=&#8221;GeoInnova Learning Center&#8221; subhead=&#8221; &#8221; text_orientation=&#8221;center&#8221; [&hellip;]<\/p>\n","protected":false},"author":196,"featured_media":5296,"parent":4842,"menu_order":0,"comment_status":"closed","ping_status":"closed","template":"","meta":{"site-sidebar-layout":"default","site-content-layout":"","ast-site-content-layout":"","site-content-style":"default","site-sidebar-style":"default","ast-global-header-display":"","ast-banner-title-visibility":"","ast-main-header-display":"","ast-hfb-above-header-display":"","ast-hfb-below-header-display":"","ast-hfb-mobile-header-display":"","site-post-title":"","ast-breadcrumbs-content":"","ast-featured-img":"","footer-sml-layout":"","theme-transparent-header-meta":"","adv-header-id-meta":"","stick-header-meta":"","header-above-stick-meta":"","header-main-stick-meta":"","header-below-stick-meta":"","astra-migrate-meta-layouts":"default","ast-page-background-enabled":"default","ast-page-background-meta":{"desktop":{"background-color":"var(--ast-global-color-5)","background-image":"","background-repeat":"repeat","background-position":"center center","background-size":"auto","background-attachment":"scroll","background-type":"","background-media":"","overlay-type":"","overlay-color":"","overlay-opacity":"","overlay-gradient":""},"tablet":{"background-color":"","background-image":"","background-repeat":"repeat","background-position":"center center","background-size":"auto","background-attachment":"scroll","background-type":"","background-media":"","overlay-type":"","overlay-color":"","overlay-opacity":"","overlay-gradient":""},"mobile":{"background-color":"","background-image":"","background-repeat":"repeat","background-position":"center center","background-size":"auto","background-attachment":"scroll","background-type":"","background-media":"","overlay-type":"","overlay-color":"","overlay-opacity":"","overlay-gradient":""}},"ast-content-background-meta":{"desktop":{"background-color":"var(--ast-global-color-4)","background-image":"","background-repeat":"repeat","background-position":"center center","background-size":"auto","background-attachment":"scroll","background-type":"","background-media":"","overlay-type":"","overlay-color":"","overlay-opacity":"","overlay-gradient":""},"tablet":{"background-color":"var(--ast-global-color-4)","background-image":"","background-repeat":"repeat","background-position":"center center","background-size":"auto","background-attachment":"scroll","background-type":"","background-media":"","overlay-type":"","overlay-color":"","overlay-opacity":"","overlay-gradient":""},"mobile":{"background-color":"var(--ast-global-color-4)","background-image":"","background-repeat":"repeat","background-position":"center center","background-size":"auto","background-attachment":"scroll","background-type":"","background-media":"","overlay-type":"","overlay-color":"","overlay-opacity":"","overlay-gradient":""}},"footnotes":""},"class_list":["post-5173","page","type-page","status-publish","has-post-thumbnail","hentry"],"yoast_head":"<!-- This site is optimized with the Yoast SEO plugin v27.4 - https:\/\/yoast.com\/product\/yoast-seo-wordpress\/ -->\n<title>Centro de Aprendizaje - GeoInnova<\/title>\n<meta name=\"description\" content=\"GeoInnova es una empresa consultora de ingenier\u00eda y geociencias aplicadas a la miner\u00eda. Hacemos \u00e9nfasis en las transferencias de tecnolog\u00edas existentes y el ...\" \/>\n<meta name=\"robots\" content=\"noindex, nofollow\" \/>\n<meta property=\"og:locale\" content=\"en_US\" \/>\n<meta property=\"og:type\" content=\"article\" \/>\n<meta property=\"og:title\" content=\"Centro de Aprendizaje - GeoInnova\" \/>\n<meta property=\"og:description\" content=\"GeoInnova es una empresa consultora de ingenier\u00eda y geociencias aplicadas a la miner\u00eda. Hacemos \u00e9nfasis en las transferencias de tecnolog\u00edas existentes y el ...\" \/>\n<meta property=\"og:url\" content=\"https:\/\/geoinnova.cl\/en\/centro-id\/centro-aprendizaje\/\" \/>\n<meta property=\"og:site_name\" content=\"GeoInnova\" \/>\n<meta property=\"article:modified_time\" content=\"2025-05-20T19:53:46+00:00\" \/>\n<meta property=\"og:image\" content=\"https:\/\/geoinnova.cl\/wp-content\/uploads\/2020\/06\/Portada.png\" \/>\n\t<meta property=\"og:image:width\" content=\"1920\" \/>\n\t<meta property=\"og:image:height\" content=\"1080\" \/>\n\t<meta property=\"og:image:type\" content=\"image\/png\" \/>\n<meta name=\"twitter:card\" content=\"summary_large_image\" \/>\n<meta name=\"twitter:label1\" content=\"Est. reading time\" \/>\n\t<meta name=\"twitter:data1\" content=\"2 minutes\" \/>\n<script type=\"application\/ld+json\" class=\"yoast-schema-graph\">{\"@context\":\"https:\\\/\\\/schema.org\",\"@graph\":[{\"@type\":\"WebPage\",\"@id\":\"https:\\\/\\\/geoinnova.cl\\\/centro-id\\\/centro-aprendizaje\\\/\",\"url\":\"https:\\\/\\\/geoinnova.cl\\\/centro-id\\\/centro-aprendizaje\\\/\",\"name\":\"Centro de Aprendizaje - GeoInnova\",\"isPartOf\":{\"@id\":\"https:\\\/\\\/geoinnova.cl\\\/#website\"},\"primaryImageOfPage\":{\"@id\":\"https:\\\/\\\/geoinnova.cl\\\/centro-id\\\/centro-aprendizaje\\\/#primaryimage\"},\"image\":{\"@id\":\"https:\\\/\\\/geoinnova.cl\\\/centro-id\\\/centro-aprendizaje\\\/#primaryimage\"},\"thumbnailUrl\":\"https:\\\/\\\/geoinnova.cl\\\/wp-content\\\/uploads\\\/2020\\\/06\\\/Portada.png\",\"datePublished\":\"2020-06-18T14:30:38+00:00\",\"dateModified\":\"2025-05-20T19:53:46+00:00\",\"description\":\"GeoInnova es una empresa consultora de ingenier\u00eda y geociencias aplicadas a la miner\u00eda. Hacemos \u00e9nfasis en las transferencias de tecnolog\u00edas existentes y el ...\",\"breadcrumb\":{\"@id\":\"https:\\\/\\\/geoinnova.cl\\\/centro-id\\\/centro-aprendizaje\\\/#breadcrumb\"},\"inLanguage\":\"en-US\",\"potentialAction\":[{\"@type\":\"ReadAction\",\"target\":[\"https:\\\/\\\/geoinnova.cl\\\/centro-id\\\/centro-aprendizaje\\\/\"]}]},{\"@type\":\"ImageObject\",\"inLanguage\":\"en-US\",\"@id\":\"https:\\\/\\\/geoinnova.cl\\\/centro-id\\\/centro-aprendizaje\\\/#primaryimage\",\"url\":\"https:\\\/\\\/geoinnova.cl\\\/wp-content\\\/uploads\\\/2020\\\/06\\\/Portada.png\",\"contentUrl\":\"https:\\\/\\\/geoinnova.cl\\\/wp-content\\\/uploads\\\/2020\\\/06\\\/Portada.png\",\"width\":1920,\"height\":1080},{\"@type\":\"BreadcrumbList\",\"@id\":\"https:\\\/\\\/geoinnova.cl\\\/centro-id\\\/centro-aprendizaje\\\/#breadcrumb\",\"itemListElement\":[{\"@type\":\"ListItem\",\"position\":1,\"name\":\"Portada\",\"item\":\"https:\\\/\\\/geoinnova.cl\\\/\"},{\"@type\":\"ListItem\",\"position\":2,\"name\":\"Centro I+D\",\"item\":\"https:\\\/\\\/geoinnova.cl\\\/centro-id\\\/\"},{\"@type\":\"ListItem\",\"position\":3,\"name\":\"Centro de Aprendizaje\"}]},{\"@type\":\"WebSite\",\"@id\":\"https:\\\/\\\/geoinnova.cl\\\/#website\",\"url\":\"https:\\\/\\\/geoinnova.cl\\\/\",\"name\":\"GeoInnova\",\"description\":\"Consultora de recursos geol\u00f3gicos y reservas mineras\",\"publisher\":{\"@id\":\"https:\\\/\\\/geoinnova.cl\\\/#organization\"},\"potentialAction\":[{\"@type\":\"SearchAction\",\"target\":{\"@type\":\"EntryPoint\",\"urlTemplate\":\"https:\\\/\\\/geoinnova.cl\\\/?s={search_term_string}\"},\"query-input\":{\"@type\":\"PropertyValueSpecification\",\"valueRequired\":true,\"valueName\":\"search_term_string\"}}],\"inLanguage\":\"en-US\"},{\"@type\":\"Organization\",\"@id\":\"https:\\\/\\\/geoinnova.cl\\\/#organization\",\"name\":\"GeoInnova\",\"url\":\"https:\\\/\\\/geoinnova.cl\\\/\",\"logo\":{\"@type\":\"ImageObject\",\"inLanguage\":\"en-US\",\"@id\":\"https:\\\/\\\/geoinnova.cl\\\/#\\\/schema\\\/logo\\\/image\\\/\",\"url\":\"https:\\\/\\\/geoinnova.cl\\\/wp-content\\\/uploads\\\/2025\\\/04\\\/logo.png\",\"contentUrl\":\"https:\\\/\\\/geoinnova.cl\\\/wp-content\\\/uploads\\\/2025\\\/04\\\/logo.png\",\"width\":244,\"height\":122,\"caption\":\"GeoInnova\"},\"image\":{\"@id\":\"https:\\\/\\\/geoinnova.cl\\\/#\\\/schema\\\/logo\\\/image\\\/\"}}]}<\/script>\n<!-- \/ Yoast SEO plugin. -->","yoast_head_json":{"title":"Centro de Aprendizaje - GeoInnova","description":"GeoInnova es una empresa consultora de ingenier\u00eda y geociencias aplicadas a la miner\u00eda. Hacemos \u00e9nfasis en las transferencias de tecnolog\u00edas existentes y el ...","robots":{"index":"noindex","follow":"nofollow"},"og_locale":"en_US","og_type":"article","og_title":"Centro de Aprendizaje - GeoInnova","og_description":"GeoInnova es una empresa consultora de ingenier\u00eda y geociencias aplicadas a la miner\u00eda. Hacemos \u00e9nfasis en las transferencias de tecnolog\u00edas existentes y el ...","og_url":"https:\/\/geoinnova.cl\/en\/centro-id\/centro-aprendizaje\/","og_site_name":"GeoInnova","article_modified_time":"2025-05-20T19:53:46+00:00","og_image":[{"width":1920,"height":1080,"url":"https:\/\/geoinnova.cl\/wp-content\/uploads\/2020\/06\/Portada.png","type":"image\/png"}],"twitter_card":"summary_large_image","twitter_misc":{"Est. reading time":"2 minutes"},"schema":{"@context":"https:\/\/schema.org","@graph":[{"@type":"WebPage","@id":"https:\/\/geoinnova.cl\/centro-id\/centro-aprendizaje\/","url":"https:\/\/geoinnova.cl\/centro-id\/centro-aprendizaje\/","name":"Centro de Aprendizaje - GeoInnova","isPartOf":{"@id":"https:\/\/geoinnova.cl\/#website"},"primaryImageOfPage":{"@id":"https:\/\/geoinnova.cl\/centro-id\/centro-aprendizaje\/#primaryimage"},"image":{"@id":"https:\/\/geoinnova.cl\/centro-id\/centro-aprendizaje\/#primaryimage"},"thumbnailUrl":"https:\/\/geoinnova.cl\/wp-content\/uploads\/2020\/06\/Portada.png","datePublished":"2020-06-18T14:30:38+00:00","dateModified":"2025-05-20T19:53:46+00:00","description":"GeoInnova es una empresa consultora de ingenier\u00eda y geociencias aplicadas a la miner\u00eda. Hacemos \u00e9nfasis en las transferencias de tecnolog\u00edas existentes y el ...","breadcrumb":{"@id":"https:\/\/geoinnova.cl\/centro-id\/centro-aprendizaje\/#breadcrumb"},"inLanguage":"en-US","potentialAction":[{"@type":"ReadAction","target":["https:\/\/geoinnova.cl\/centro-id\/centro-aprendizaje\/"]}]},{"@type":"ImageObject","inLanguage":"en-US","@id":"https:\/\/geoinnova.cl\/centro-id\/centro-aprendizaje\/#primaryimage","url":"https:\/\/geoinnova.cl\/wp-content\/uploads\/2020\/06\/Portada.png","contentUrl":"https:\/\/geoinnova.cl\/wp-content\/uploads\/2020\/06\/Portada.png","width":1920,"height":1080},{"@type":"BreadcrumbList","@id":"https:\/\/geoinnova.cl\/centro-id\/centro-aprendizaje\/#breadcrumb","itemListElement":[{"@type":"ListItem","position":1,"name":"Portada","item":"https:\/\/geoinnova.cl\/"},{"@type":"ListItem","position":2,"name":"Centro I+D","item":"https:\/\/geoinnova.cl\/centro-id\/"},{"@type":"ListItem","position":3,"name":"Centro de Aprendizaje"}]},{"@type":"WebSite","@id":"https:\/\/geoinnova.cl\/#website","url":"https:\/\/geoinnova.cl\/","name":"GeoInnova","description":"Consultora de recursos geol\u00f3gicos y reservas mineras","publisher":{"@id":"https:\/\/geoinnova.cl\/#organization"},"potentialAction":[{"@type":"SearchAction","target":{"@type":"EntryPoint","urlTemplate":"https:\/\/geoinnova.cl\/?s={search_term_string}"},"query-input":{"@type":"PropertyValueSpecification","valueRequired":true,"valueName":"search_term_string"}}],"inLanguage":"en-US"},{"@type":"Organization","@id":"https:\/\/geoinnova.cl\/#organization","name":"GeoInnova","url":"https:\/\/geoinnova.cl\/","logo":{"@type":"ImageObject","inLanguage":"en-US","@id":"https:\/\/geoinnova.cl\/#\/schema\/logo\/image\/","url":"https:\/\/geoinnova.cl\/wp-content\/uploads\/2025\/04\/logo.png","contentUrl":"https:\/\/geoinnova.cl\/wp-content\/uploads\/2025\/04\/logo.png","width":244,"height":122,"caption":"GeoInnova"},"image":{"@id":"https:\/\/geoinnova.cl\/#\/schema\/logo\/image\/"}}]}},"_links":{"self":[{"href":"https:\/\/geoinnova.cl\/en\/wp-json\/wp\/v2\/pages\/5173","targetHints":{"allow":["GET"]}}],"collection":[{"href":"https:\/\/geoinnova.cl\/en\/wp-json\/wp\/v2\/pages"}],"about":[{"href":"https:\/\/geoinnova.cl\/en\/wp-json\/wp\/v2\/types\/page"}],"author":[{"embeddable":true,"href":"https:\/\/geoinnova.cl\/en\/wp-json\/wp\/v2\/users\/196"}],"replies":[{"embeddable":true,"href":"https:\/\/geoinnova.cl\/en\/wp-json\/wp\/v2\/comments?post=5173"}],"version-history":[{"count":1,"href":"https:\/\/geoinnova.cl\/en\/wp-json\/wp\/v2\/pages\/5173\/revisions"}],"predecessor-version":[{"id":7046,"href":"https:\/\/geoinnova.cl\/en\/wp-json\/wp\/v2\/pages\/5173\/revisions\/7046"}],"up":[{"embeddable":true,"href":"https:\/\/geoinnova.cl\/en\/wp-json\/wp\/v2\/pages\/4842"}],"wp:featuredmedia":[{"embeddable":true,"href":"https:\/\/geoinnova.cl\/en\/wp-json\/wp\/v2\/media\/5296"}],"wp:attachment":[{"href":"https:\/\/geoinnova.cl\/en\/wp-json\/wp\/v2\/media?parent=5173"}],"curies":[{"name":"wp","href":"https:\/\/api.w.org\/{rel}","templated":true}]}}