{"id":5153,"date":"2020-05-26T13:51:59","date_gmt":"2020-05-26T13:51:59","guid":{"rendered":"https:\/\/geoinnova.cl\/?page_id=5153"},"modified":"2025-05-20T19:53:08","modified_gmt":"2025-05-20T19:53:08","slug":"articulos","status":"publish","type":"page","link":"https:\/\/geoinnova.cl\/en\/centro-id\/articulos\/","title":{"rendered":"Articles"},"content":{"rendered":"<p>[et_pb_section admin_label=&#8221;section&#8221; fullwidth=&#8221;on&#8221; specialty=&#8221;off&#8221; background_color=&#8221;#ffffff&#8221; inner_shadow=&#8221;on&#8221; parallax=&#8221;off&#8221; transparent_background=&#8221;off&#8221; allow_player_pause=&#8221;off&#8221; parallax_method=&#8221;off&#8221; padding_mobile=&#8221;off&#8221; make_fullwidth=&#8221;off&#8221; use_custom_width=&#8221;off&#8221; width_unit=&#8221;on&#8221; make_equal=&#8221;off&#8221; use_custom_gutter=&#8221;off&#8221;][et_pb_fullwidth_slider admin_label=&#8221;fullwidth slider&#8221; show_arrows=&#8221;on&#8221; show_pagination=&#8221;on&#8221; auto=&#8221;on&#8221; auto_speed=&#8221;5000&#8243; auto_ignore_hover=&#8221;off&#8221; parallax=&#8221;on&#8221; parallax_method=&#8221;on&#8221; remove_inner_shadow=&#8221;off&#8221; background_position=&#8221;default&#8221; background_size=&#8221;default&#8221; hide_content_on_mobile=&#8221;off&#8221; hide_cta_on_mobile=&#8221;off&#8221; show_image_video_mobile=&#8221;off&#8221; custom_button=&#8221;off&#8221; button_letter_spacing=&#8221;0&#8243; button_use_icon=&#8221;default&#8221; button_icon_placement=&#8221;right&#8221; button_on_hover=&#8221;on&#8221; button_letter_spacing_hover=&#8221;0&#8243;]<\/p>\n<p>[et_pb_slide heading=&#8221;Centro de Innovaci\u00f3n y Desarrollo&#8221; background_image=&#8221;https:\/\/geoinnova.cl\/wp-content\/uploads\/2018\/01\/montain-02.png&#8221; background_position=&#8221;default&#8221; background_size=&#8221;default&#8221; background_color=&#8221;rgba(55,91,102,0)&#8221; use_bg_overlay=&#8221;on&#8221; use_text_overlay=&#8221;off&#8221; alignment=&#8221;center&#8221; background_layout=&#8221;dark&#8221; allow_player_pause=&#8221;off&#8221; text_border_radius=&#8221;3&#8243; header_font_select=&#8221;default&#8221; header_font=&#8221;||||&#8221; body_font_select=&#8221;default&#8221; body_font=&#8221;||||&#8221; custom_button=&#8221;off&#8221; button_font_select=&#8221;default&#8221; button_font=&#8221;||||&#8221; button_use_icon=&#8221;default&#8221; button_icon_placement=&#8221;right&#8221; button_on_hover=&#8221;on&#8221; bg_overlay_color=&#8221;rgba(0,0,0,0.49)&#8221;]<\/p>\n<p>&nbsp;<\/p>\n<p style=\"text-align: center;\">GeoInnova siempre est\u00e1 en la b\u00fasqueda de nuevos conocimientos, t\u00e9cnicas y tecnolog\u00edas para incorporar como parte de sus servicios y agregar a\u00fan m\u00e1s valor a nuestros clientes. Nuestro Centro de I+D tiene varios a\u00f1os aportando esta parte del trabajo y ha generado variadas herramientas para hacer m\u00e1s eficiente el trabajo de nuestros consultores.<\/p>\n<p>&nbsp;<\/p>\n<p>[\/et_pb_slide]<\/p>\n<p>[\/et_pb_fullwidth_slider][\/et_pb_section][et_pb_section admin_label=&#8221;Secci\u00f3n&#8221; fullwidth=&#8221;off&#8221; specialty=&#8221;off&#8221;][et_pb_row admin_label=&#8221;Fila&#8221;][et_pb_column type=&#8221;4_4&#8243;][et_pb_text admin_label=&#8221;Texto&#8221; background_layout=&#8221;light&#8221; text_orientation=&#8221;center&#8221; use_border_color=&#8221;off&#8221; border_color=&#8221;#ffffff&#8221; border_style=&#8221;solid&#8221;]<\/p>\n<h1>Art\u00edculos<\/h1>\n<p>La mayor\u00eda de nuestros trabajos surgen a partir de problem\u00e1ticas presentadas por nuestros clientes, quienes buscan una soluci\u00f3n personalizada o mejorada respecto de lo que actualmente existe en el mercado. Sin embargo, tambi\u00e9n nos auto proponemos retos y problem\u00e1ticas para generar nuevos conocimientos y proyectos para ofrecer posteriormente a nuestros clientes. Ac\u00e1 les presentamos los resultados de todos nuestros desaf\u00edos.<\/p>\n<p>[\/et_pb_text][\/et_pb_column][\/et_pb_row][\/et_pb_section][et_pb_section admin_label=&#8221;section&#8221; fullwidth=&#8221;off&#8221; specialty=&#8221;off&#8221; background_color=&#8221;#f7f7f7&#8243; inner_shadow=&#8221;off&#8221; parallax=&#8221;off&#8221;][et_pb_row admin_label=&#8221;row&#8221;][et_pb_column type=&#8221;4_4&#8243;][et_pb_blog admin_label=&#8221;Blog&#8221; fullwidth=&#8221;off&#8221; posts_number=&#8221;18&#8243; show_thumbnail=&#8221;on&#8221; show_content=&#8221;off&#8221; show_author=&#8221;on&#8221; show_date=&#8221;on&#8221; show_categories=&#8221;on&#8221; show_pagination=&#8221;off&#8221; background_layout=&#8221;light&#8221; include_categories=&#8221;35,45,43,39,26,47,11,41,37&#8243; show_more=&#8221;off&#8221; show_comments=&#8221;off&#8221; offset_number=&#8221;0&#8243; use_overlay=&#8221;off&#8221; use_dropshadow=&#8221;off&#8221; use_border_color=&#8221;off&#8221; border_color=&#8221;#ffffff&#8221; border_style=&#8221;solid&#8221;]<\/p>\n<p>&nbsp;<\/p>\n<p>[\/et_pb_blog][\/et_pb_column][\/et_pb_row][\/et_pb_section]<\/p>\n","protected":false},"excerpt":{"rendered":"<p>[et_pb_section admin_label=&#8221;section&#8221; fullwidth=&#8221;on&#8221; specialty=&#8221;off&#8221; background_color=&#8221;#ffffff&#8221; inner_shadow=&#8221;on&#8221; parallax=&#8221;off&#8221; transparent_background=&#8221;off&#8221; allow_player_pause=&#8221;off&#8221; parallax_method=&#8221;off&#8221; padding_mobile=&#8221;off&#8221; make_fullwidth=&#8221;off&#8221; use_custom_width=&#8221;off&#8221; width_unit=&#8221;on&#8221; make_equal=&#8221;off&#8221; use_custom_gutter=&#8221;off&#8221;][et_pb_fullwidth_slider admin_label=&#8221;fullwidth slider&#8221; show_arrows=&#8221;on&#8221; show_pagination=&#8221;on&#8221; [&hellip;]<\/p>\n","protected":false},"author":196,"featured_media":0,"parent":4842,"menu_order":0,"comment_status":"closed","ping_status":"closed","template":"","meta":{"site-sidebar-layout":"default","site-content-layout":"","ast-site-content-layout":"","site-content-style":"default","site-sidebar-style":"default","ast-global-header-display":"","ast-banner-title-visibility":"","ast-main-header-display":"","ast-hfb-above-header-display":"","ast-hfb-below-header-display":"","ast-hfb-mobile-header-display":"","site-post-title":"","ast-breadcrumbs-content":"","ast-featured-img":"","footer-sml-layout":"","theme-transparent-header-meta":"","adv-header-id-meta":"","stick-header-meta":"","header-above-stick-meta":"","header-main-stick-meta":"","header-below-stick-meta":"","astra-migrate-meta-layouts":"default","ast-page-background-enabled":"default","ast-page-background-meta":{"desktop":{"background-color":"var(--ast-global-color-5)","background-image":"","background-repeat":"repeat","background-position":"center center","background-size":"auto","background-attachment":"scroll","background-type":"","background-media":"","overlay-type":"","overlay-color":"","overlay-opacity":"","overlay-gradient":""},"tablet":{"background-color":"","background-image":"","background-repeat":"repeat","background-position":"center center","background-size":"auto","background-attachment":"scroll","background-type":"","background-media":"","overlay-type":"","overlay-color":"","overlay-opacity":"","overlay-gradient":""},"mobile":{"background-color":"","background-image":"","background-repeat":"repeat","background-position":"center center","background-size":"auto","background-attachment":"scroll","background-type":"","background-media":"","overlay-type":"","overlay-color":"","overlay-opacity":"","overlay-gradient":""}},"ast-content-background-meta":{"desktop":{"background-color":"var(--ast-global-color-4)","background-image":"","background-repeat":"repeat","background-position":"center center","background-size":"auto","background-attachment":"scroll","background-type":"","background-media":"","overlay-type":"","overlay-color":"","overlay-opacity":"","overlay-gradient":""},"tablet":{"background-color":"var(--ast-global-color-4)","background-image":"","background-repeat":"repeat","background-position":"center center","background-size":"auto","background-attachment":"scroll","background-type":"","background-media":"","overlay-type":"","overlay-color":"","overlay-opacity":"","overlay-gradient":""},"mobile":{"background-color":"var(--ast-global-color-4)","background-image":"","background-repeat":"repeat","background-position":"center center","background-size":"auto","background-attachment":"scroll","background-type":"","background-media":"","overlay-type":"","overlay-color":"","overlay-opacity":"","overlay-gradient":""}},"footnotes":""},"class_list":["post-5153","page","type-page","status-publish","hentry"],"yoast_head":"<!-- This site is optimized with the Yoast SEO plugin v27.4 - https:\/\/yoast.com\/product\/yoast-seo-wordpress\/ -->\n<title>Art\u00edculos - GeoInnova<\/title>\n<meta name=\"description\" content=\"GeoInnova es una empresa consultora de ingenier\u00eda y geociencias aplicadas a la miner\u00eda. Hacemos \u00e9nfasis en las transferencias de tecnolog\u00edas existentes y el ...\" \/>\n<meta name=\"robots\" content=\"noindex, nofollow\" \/>\n<meta property=\"og:locale\" content=\"en_US\" \/>\n<meta property=\"og:type\" content=\"article\" \/>\n<meta property=\"og:title\" content=\"Art\u00edculos - GeoInnova\" \/>\n<meta property=\"og:description\" content=\"GeoInnova es una empresa consultora de ingenier\u00eda y geociencias aplicadas a la miner\u00eda. Hacemos \u00e9nfasis en las transferencias de tecnolog\u00edas existentes y el ...\" \/>\n<meta property=\"og:url\" content=\"https:\/\/geoinnova.cl\/en\/centro-id\/articulos\/\" \/>\n<meta property=\"og:site_name\" content=\"GeoInnova\" \/>\n<meta property=\"article:modified_time\" content=\"2025-05-20T19:53:08+00:00\" \/>\n<meta name=\"twitter:card\" content=\"summary_large_image\" \/>\n<meta name=\"twitter:label1\" content=\"Est. reading time\" \/>\n\t<meta name=\"twitter:data1\" content=\"2 minutes\" \/>\n<script type=\"application\/ld+json\" class=\"yoast-schema-graph\">{\"@context\":\"https:\\\/\\\/schema.org\",\"@graph\":[{\"@type\":\"WebPage\",\"@id\":\"https:\\\/\\\/geoinnova.cl\\\/centro-id\\\/articulos\\\/\",\"url\":\"https:\\\/\\\/geoinnova.cl\\\/centro-id\\\/articulos\\\/\",\"name\":\"Art\u00edculos - GeoInnova\",\"isPartOf\":{\"@id\":\"https:\\\/\\\/geoinnova.cl\\\/#website\"},\"datePublished\":\"2020-05-26T13:51:59+00:00\",\"dateModified\":\"2025-05-20T19:53:08+00:00\",\"description\":\"GeoInnova es una empresa consultora de ingenier\u00eda y geociencias aplicadas a la miner\u00eda. Hacemos \u00e9nfasis en las transferencias de tecnolog\u00edas existentes y el ...\",\"breadcrumb\":{\"@id\":\"https:\\\/\\\/geoinnova.cl\\\/centro-id\\\/articulos\\\/#breadcrumb\"},\"inLanguage\":\"en-US\",\"potentialAction\":[{\"@type\":\"ReadAction\",\"target\":[\"https:\\\/\\\/geoinnova.cl\\\/centro-id\\\/articulos\\\/\"]}]},{\"@type\":\"BreadcrumbList\",\"@id\":\"https:\\\/\\\/geoinnova.cl\\\/centro-id\\\/articulos\\\/#breadcrumb\",\"itemListElement\":[{\"@type\":\"ListItem\",\"position\":1,\"name\":\"Portada\",\"item\":\"https:\\\/\\\/geoinnova.cl\\\/\"},{\"@type\":\"ListItem\",\"position\":2,\"name\":\"Centro I+D\",\"item\":\"https:\\\/\\\/geoinnova.cl\\\/centro-id\\\/\"},{\"@type\":\"ListItem\",\"position\":3,\"name\":\"Art\u00edculos\"}]},{\"@type\":\"WebSite\",\"@id\":\"https:\\\/\\\/geoinnova.cl\\\/#website\",\"url\":\"https:\\\/\\\/geoinnova.cl\\\/\",\"name\":\"GeoInnova\",\"description\":\"Consultora de recursos geol\u00f3gicos y reservas mineras\",\"publisher\":{\"@id\":\"https:\\\/\\\/geoinnova.cl\\\/#organization\"},\"potentialAction\":[{\"@type\":\"SearchAction\",\"target\":{\"@type\":\"EntryPoint\",\"urlTemplate\":\"https:\\\/\\\/geoinnova.cl\\\/?s={search_term_string}\"},\"query-input\":{\"@type\":\"PropertyValueSpecification\",\"valueRequired\":true,\"valueName\":\"search_term_string\"}}],\"inLanguage\":\"en-US\"},{\"@type\":\"Organization\",\"@id\":\"https:\\\/\\\/geoinnova.cl\\\/#organization\",\"name\":\"GeoInnova\",\"url\":\"https:\\\/\\\/geoinnova.cl\\\/\",\"logo\":{\"@type\":\"ImageObject\",\"inLanguage\":\"en-US\",\"@id\":\"https:\\\/\\\/geoinnova.cl\\\/#\\\/schema\\\/logo\\\/image\\\/\",\"url\":\"https:\\\/\\\/geoinnova.cl\\\/wp-content\\\/uploads\\\/2025\\\/04\\\/logo.png\",\"contentUrl\":\"https:\\\/\\\/geoinnova.cl\\\/wp-content\\\/uploads\\\/2025\\\/04\\\/logo.png\",\"width\":244,\"height\":122,\"caption\":\"GeoInnova\"},\"image\":{\"@id\":\"https:\\\/\\\/geoinnova.cl\\\/#\\\/schema\\\/logo\\\/image\\\/\"}}]}<\/script>\n<!-- \/ Yoast SEO plugin. -->","yoast_head_json":{"title":"Art\u00edculos - GeoInnova","description":"GeoInnova es una empresa consultora de ingenier\u00eda y geociencias aplicadas a la miner\u00eda. Hacemos \u00e9nfasis en las transferencias de tecnolog\u00edas existentes y el ...","robots":{"index":"noindex","follow":"nofollow"},"og_locale":"en_US","og_type":"article","og_title":"Art\u00edculos - GeoInnova","og_description":"GeoInnova es una empresa consultora de ingenier\u00eda y geociencias aplicadas a la miner\u00eda. Hacemos \u00e9nfasis en las transferencias de tecnolog\u00edas existentes y el ...","og_url":"https:\/\/geoinnova.cl\/en\/centro-id\/articulos\/","og_site_name":"GeoInnova","article_modified_time":"2025-05-20T19:53:08+00:00","twitter_card":"summary_large_image","twitter_misc":{"Est. reading time":"2 minutes"},"schema":{"@context":"https:\/\/schema.org","@graph":[{"@type":"WebPage","@id":"https:\/\/geoinnova.cl\/centro-id\/articulos\/","url":"https:\/\/geoinnova.cl\/centro-id\/articulos\/","name":"Art\u00edculos - GeoInnova","isPartOf":{"@id":"https:\/\/geoinnova.cl\/#website"},"datePublished":"2020-05-26T13:51:59+00:00","dateModified":"2025-05-20T19:53:08+00:00","description":"GeoInnova es una empresa consultora de ingenier\u00eda y geociencias aplicadas a la miner\u00eda. Hacemos \u00e9nfasis en las transferencias de tecnolog\u00edas existentes y el ...","breadcrumb":{"@id":"https:\/\/geoinnova.cl\/centro-id\/articulos\/#breadcrumb"},"inLanguage":"en-US","potentialAction":[{"@type":"ReadAction","target":["https:\/\/geoinnova.cl\/centro-id\/articulos\/"]}]},{"@type":"BreadcrumbList","@id":"https:\/\/geoinnova.cl\/centro-id\/articulos\/#breadcrumb","itemListElement":[{"@type":"ListItem","position":1,"name":"Portada","item":"https:\/\/geoinnova.cl\/"},{"@type":"ListItem","position":2,"name":"Centro I+D","item":"https:\/\/geoinnova.cl\/centro-id\/"},{"@type":"ListItem","position":3,"name":"Art\u00edculos"}]},{"@type":"WebSite","@id":"https:\/\/geoinnova.cl\/#website","url":"https:\/\/geoinnova.cl\/","name":"GeoInnova","description":"Consultora de recursos geol\u00f3gicos y reservas mineras","publisher":{"@id":"https:\/\/geoinnova.cl\/#organization"},"potentialAction":[{"@type":"SearchAction","target":{"@type":"EntryPoint","urlTemplate":"https:\/\/geoinnova.cl\/?s={search_term_string}"},"query-input":{"@type":"PropertyValueSpecification","valueRequired":true,"valueName":"search_term_string"}}],"inLanguage":"en-US"},{"@type":"Organization","@id":"https:\/\/geoinnova.cl\/#organization","name":"GeoInnova","url":"https:\/\/geoinnova.cl\/","logo":{"@type":"ImageObject","inLanguage":"en-US","@id":"https:\/\/geoinnova.cl\/#\/schema\/logo\/image\/","url":"https:\/\/geoinnova.cl\/wp-content\/uploads\/2025\/04\/logo.png","contentUrl":"https:\/\/geoinnova.cl\/wp-content\/uploads\/2025\/04\/logo.png","width":244,"height":122,"caption":"GeoInnova"},"image":{"@id":"https:\/\/geoinnova.cl\/#\/schema\/logo\/image\/"}}]}},"_links":{"self":[{"href":"https:\/\/geoinnova.cl\/en\/wp-json\/wp\/v2\/pages\/5153","targetHints":{"allow":["GET"]}}],"collection":[{"href":"https:\/\/geoinnova.cl\/en\/wp-json\/wp\/v2\/pages"}],"about":[{"href":"https:\/\/geoinnova.cl\/en\/wp-json\/wp\/v2\/types\/page"}],"author":[{"embeddable":true,"href":"https:\/\/geoinnova.cl\/en\/wp-json\/wp\/v2\/users\/196"}],"replies":[{"embeddable":true,"href":"https:\/\/geoinnova.cl\/en\/wp-json\/wp\/v2\/comments?post=5153"}],"version-history":[{"count":1,"href":"https:\/\/geoinnova.cl\/en\/wp-json\/wp\/v2\/pages\/5153\/revisions"}],"predecessor-version":[{"id":7045,"href":"https:\/\/geoinnova.cl\/en\/wp-json\/wp\/v2\/pages\/5153\/revisions\/7045"}],"up":[{"embeddable":true,"href":"https:\/\/geoinnova.cl\/en\/wp-json\/wp\/v2\/pages\/4842"}],"wp:attachment":[{"href":"https:\/\/geoinnova.cl\/en\/wp-json\/wp\/v2\/media?parent=5153"}],"curies":[{"name":"wp","href":"https:\/\/api.w.org\/{rel}","templated":true}]}}