{"id":4059,"date":"2016-09-26T02:13:37","date_gmt":"2016-09-26T02:13:37","guid":{"rendered":"http:\/\/geoinnova.cl\/?page_id=4059"},"modified":"2025-05-20T19:52:09","modified_gmt":"2025-05-20T19:52:09","slug":"alianzas_en","status":"publish","type":"page","link":"https:\/\/geoinnova.cl\/en\/alianzas_en\/","title":{"rendered":"Alianzas_en"},"content":{"rendered":"<p>[et_pb_section admin_label=&#8221;section&#8221; fullwidth=&#8221;on&#8221; specialty=&#8221;off&#8221; inner_shadow=&#8221;off&#8221; parallax=&#8221;off&#8221; background_color=&#8221;#305a62&#8243; background_image=&#8221;https:\/\/geoinnova.cl\/wp-content\/uploads\/2016\/08\/Captura-de-pantalla-2016-04-26-a-las-23.10.58.png&#8221; transparent_background=&#8221;off&#8221; allow_player_pause=&#8221;off&#8221; parallax_method=&#8221;off&#8221; padding_mobile=&#8221;off&#8221; make_fullwidth=&#8221;off&#8221; use_custom_width=&#8221;off&#8221; width_unit=&#8221;on&#8221; make_equal=&#8221;off&#8221; use_custom_gutter=&#8221;off&#8221;][et_pb_fullwidth_header admin_label=&#8221;Fullwidth Header&#8221; title=&#8221;Alianzas&#8221; background_layout=&#8221;dark&#8221; text_orientation=&#8221;left&#8221; header_fullscreen=&#8221;off&#8221; header_scroll_down=&#8221;off&#8221; parallax=&#8221;off&#8221; parallax_method=&#8221;off&#8221; content_orientation=&#8221;center&#8221; image_orientation=&#8221;center&#8221; custom_button_one=&#8221;off&#8221; button_one_letter_spacing=&#8221;0&#8243; button_one_use_icon=&#8221;default&#8221; button_one_icon_placement=&#8221;right&#8221; button_one_on_hover=&#8221;on&#8221; button_one_letter_spacing_hover=&#8221;0&#8243; custom_button_two=&#8221;off&#8221; button_two_letter_spacing=&#8221;0&#8243; button_two_use_icon=&#8221;default&#8221; button_two_icon_placement=&#8221;right&#8221; button_two_on_hover=&#8221;on&#8221; button_two_letter_spacing_hover=&#8221;0&#8243; title_font=&#8221;Open Sans Light|||on|&#8221; background_url=&#8221;https:\/\/geoinnova.cl\/wp-content\/uploads\/2019\/12\/fondo_nuevo_033-1.jpg&#8221;] [\/et_pb_fullwidth_header][\/et_pb_section][et_pb_section admin_label=&#8221;section&#8221; fullwidth=&#8221;off&#8221; specialty=&#8221;off&#8221; inner_shadow=&#8221;off&#8221; parallax=&#8221;off&#8221;][et_pb_row admin_label=&#8221;row&#8221;][et_pb_column type=&#8221;1_2&#8243;][et_pb_text admin_label=&#8221;Text&#8221; background_layout=&#8221;light&#8221; text_orientation=&#8221;left&#8221; use_border_color=&#8221;off&#8221; border_color=&#8221;#ffffff&#8221; border_style=&#8221;solid&#8221;]<\/p>\n<h2>GeoInnova is sales representative of <b>Isatis<\/b> software of the company <a href=\"https:\/\/www.geovariances.com\/en\/testimonials\/isatis-una-herramienta-de-eleccion-geoinnova\/\">Geovariances<\/a><\/h2>\n<p>Isatis is a general purpose and comprehensive software solution in geostatistics that allows addressing very different issues from various industries. First released almost 25 years ago, it is widely recognized as the reference geostatistical toolbox for thorough data analysis and visualization, quality mapping, accurate resource estimation and risk analysis. Isatis offers a robust and sound geostatistical technology which is continuously improved, year after year. Isatis connectivity with premier software packages makes it easy to integrate in your day-to-day workflow.<\/p>\n<p>[\/et_pb_text][\/et_pb_column][et_pb_column type=&#8221;1_2&#8243;][et_pb_image admin_label=&#8221;Image&#8221; src=&#8221;https:\/\/geoinnova.cl\/wp-content\/uploads\/2016\/08\/isatis.jpg&#8221; show_in_lightbox=&#8221;off&#8221; url=&#8221;https:\/\/www.geovariances.com&#8221; url_new_window=&#8221;on&#8221; use_overlay=&#8221;off&#8221; animation=&#8221;off&#8221; sticky=&#8221;off&#8221; align=&#8221;left&#8221; force_fullwidth=&#8221;off&#8221; always_center_on_mobile=&#8221;on&#8221; use_border_color=&#8221;off&#8221; border_color=&#8221;#ffffff&#8221; border_style=&#8221;solid&#8221;]<br \/>\n[\/et_pb_image][\/et_pb_column][\/et_pb_row][\/et_pb_section][et_pb_section admin_label=&#8221;section&#8221; fullwidth=&#8221;off&#8221; specialty=&#8221;off&#8221; inner_shadow=&#8221;off&#8221; parallax=&#8221;off&#8221;][et_pb_row admin_label=&#8221;row&#8221;][et_pb_column type=&#8221;1_2&#8243;][et_pb_text admin_label=&#8221;Text&#8221; background_layout=&#8221;light&#8221; text_orientation=&#8221;left&#8221; use_border_color=&#8221;off&#8221; border_color=&#8221;#ffffff&#8221; border_style=&#8221;solid&#8221;]<\/p>\n<h2>GeoInnova Research and Development Center <a href=\"http:\/\/www2.corfo.cl\/innova\/leyid\/Centros\/ListadoDeCentrosIDBusqueda.aspx\">SR-181<\/a><\/h2>\n<p>[\/et_pb_text][et_pb_image admin_label=&#8221;Imagen&#8221; src=&#8221;https:\/\/geoinnova.cl\/wp-content\/uploads\/2018\/01\/corfo-1.png&#8221; show_in_lightbox=&#8221;off&#8221; url_new_window=&#8221;off&#8221; use_overlay=&#8221;off&#8221; animation=&#8221;left&#8221; sticky=&#8221;off&#8221; align=&#8221;left&#8221; force_fullwidth=&#8221;off&#8221; always_center_on_mobile=&#8221;on&#8221; use_border_color=&#8221;off&#8221; border_color=&#8221;#ffffff&#8221; border_style=&#8221;solid&#8221;]<br \/>\n[\/et_pb_image][\/et_pb_column][et_pb_column type=&#8221;1_2&#8243;][et_pb_image admin_label=&#8221;Image&#8221; src=&#8221;https:\/\/geoinnova.cl\/wp-content\/uploads\/2018\/01\/copec_uc.png&#8221; show_in_lightbox=&#8221;off&#8221; url=&#8221;http:\/\/www.fcuc.cl\/&#8221; url_new_window=&#8221;on&#8221; use_overlay=&#8221;off&#8221; animation=&#8221;off&#8221; sticky=&#8221;off&#8221; align=&#8221;left&#8221; force_fullwidth=&#8221;off&#8221; always_center_on_mobile=&#8221;on&#8221; use_border_color=&#8221;off&#8221; border_color=&#8221;#ffffff&#8221; border_style=&#8221;solid&#8221;]<br \/>\n[\/et_pb_image][\/et_pb_column][\/et_pb_row][\/et_pb_section]<\/p>\n","protected":false},"excerpt":{"rendered":"<p>[et_pb_section admin_label=&#8221;section&#8221; fullwidth=&#8221;on&#8221; specialty=&#8221;off&#8221; inner_shadow=&#8221;off&#8221; parallax=&#8221;off&#8221; background_color=&#8221;#305a62&#8243; background_image=&#8221;https:\/\/geoinnova.cl\/wp-content\/uploads\/2016\/08\/Captura-de-pantalla-2016-04-26-a-las-23.10.58.png&#8221; transparent_background=&#8221;off&#8221; allow_player_pause=&#8221;off&#8221; parallax_method=&#8221;off&#8221; padding_mobile=&#8221;off&#8221; make_fullwidth=&#8221;off&#8221; use_custom_width=&#8221;off&#8221; width_unit=&#8221;on&#8221; make_equal=&#8221;off&#8221; use_custom_gutter=&#8221;off&#8221;][et_pb_fullwidth_header admin_label=&#8221;Fullwidth Header&#8221; title=&#8221;Alianzas&#8221; [&hellip;]<\/p>\n","protected":false},"author":3,"featured_media":0,"parent":0,"menu_order":0,"comment_status":"closed","ping_status":"closed","template":"","meta":{"site-sidebar-layout":"default","site-content-layout":"","ast-site-content-layout":"","site-content-style":"default","site-sidebar-style":"default","ast-global-header-display":"","ast-banner-title-visibility":"","ast-main-header-display":"","ast-hfb-above-header-display":"","ast-hfb-below-header-display":"","ast-hfb-mobile-header-display":"","site-post-title":"","ast-breadcrumbs-content":"","ast-featured-img":"","footer-sml-layout":"","theme-transparent-header-meta":"","adv-header-id-meta":"","stick-header-meta":"","header-above-stick-meta":"","header-main-stick-meta":"","header-below-stick-meta":"","astra-migrate-meta-layouts":"default","ast-page-background-enabled":"default","ast-page-background-meta":{"desktop":{"background-color":"var(--ast-global-color-5)","background-image":"","background-repeat":"repeat","background-position":"center center","background-size":"auto","background-attachment":"scroll","background-type":"","background-media":"","overlay-type":"","overlay-color":"","overlay-opacity":"","overlay-gradient":""},"tablet":{"background-color":"","background-image":"","background-repeat":"repeat","background-position":"center center","background-size":"auto","background-attachment":"scroll","background-type":"","background-media":"","overlay-type":"","overlay-color":"","overlay-opacity":"","overlay-gradient":""},"mobile":{"background-color":"","background-image":"","background-repeat":"repeat","background-position":"center center","background-size":"auto","background-attachment":"scroll","background-type":"","background-media":"","overlay-type":"","overlay-color":"","overlay-opacity":"","overlay-gradient":""}},"ast-content-background-meta":{"desktop":{"background-color":"var(--ast-global-color-4)","background-image":"","background-repeat":"repeat","background-position":"center center","background-size":"auto","background-attachment":"scroll","background-type":"","background-media":"","overlay-type":"","overlay-color":"","overlay-opacity":"","overlay-gradient":""},"tablet":{"background-color":"var(--ast-global-color-4)","background-image":"","background-repeat":"repeat","background-position":"center center","background-size":"auto","background-attachment":"scroll","background-type":"","background-media":"","overlay-type":"","overlay-color":"","overlay-opacity":"","overlay-gradient":""},"mobile":{"background-color":"var(--ast-global-color-4)","background-image":"","background-repeat":"repeat","background-position":"center center","background-size":"auto","background-attachment":"scroll","background-type":"","background-media":"","overlay-type":"","overlay-color":"","overlay-opacity":"","overlay-gradient":""}},"footnotes":""},"class_list":["post-4059","page","type-page","status-publish","hentry"],"yoast_head":"<!-- This site is optimized with the Yoast SEO plugin v27.4 - https:\/\/yoast.com\/product\/yoast-seo-wordpress\/ -->\n<title>Alianzas_en - GeoInnova<\/title>\n<meta name=\"description\" content=\"GeoInnova es una empresa consultora de ingenier\u00eda y geociencias aplicadas a la miner\u00eda. Hacemos \u00e9nfasis en las transferencias de tecnolog\u00edas existentes y el ...\" \/>\n<meta name=\"robots\" content=\"noindex, follow\" \/>\n<meta property=\"og:locale\" content=\"en_US\" \/>\n<meta property=\"og:type\" content=\"article\" \/>\n<meta property=\"og:title\" content=\"Alianzas_en - GeoInnova\" \/>\n<meta property=\"og:description\" content=\"GeoInnova es una empresa consultora de ingenier\u00eda y geociencias aplicadas a la miner\u00eda. Hacemos \u00e9nfasis en las transferencias de tecnolog\u00edas existentes y el ...\" \/>\n<meta property=\"og:url\" content=\"https:\/\/geoinnova.cl\/en\/alianzas_en\/\" \/>\n<meta property=\"og:site_name\" content=\"GeoInnova\" \/>\n<meta property=\"article:modified_time\" content=\"2025-05-20T19:52:09+00:00\" \/>\n<meta name=\"twitter:card\" content=\"summary_large_image\" \/>\n<meta name=\"twitter:label1\" content=\"Est. reading time\" \/>\n\t<meta name=\"twitter:data1\" content=\"1 minute\" \/>\n<script type=\"application\/ld+json\" class=\"yoast-schema-graph\">{\"@context\":\"https:\\\/\\\/schema.org\",\"@graph\":[{\"@type\":\"WebPage\",\"@id\":\"https:\\\/\\\/geoinnova.cl\\\/alianzas_en\\\/\",\"url\":\"https:\\\/\\\/geoinnova.cl\\\/alianzas_en\\\/\",\"name\":\"Alianzas_en - GeoInnova\",\"isPartOf\":{\"@id\":\"https:\\\/\\\/geoinnova.cl\\\/#website\"},\"datePublished\":\"2016-09-26T02:13:37+00:00\",\"dateModified\":\"2025-05-20T19:52:09+00:00\",\"description\":\"GeoInnova es una empresa consultora de ingenier\u00eda y geociencias aplicadas a la miner\u00eda. Hacemos \u00e9nfasis en las transferencias de tecnolog\u00edas existentes y el ...\",\"breadcrumb\":{\"@id\":\"https:\\\/\\\/geoinnova.cl\\\/alianzas_en\\\/#breadcrumb\"},\"inLanguage\":\"en-US\",\"potentialAction\":[{\"@type\":\"ReadAction\",\"target\":[\"https:\\\/\\\/geoinnova.cl\\\/alianzas_en\\\/\"]}]},{\"@type\":\"BreadcrumbList\",\"@id\":\"https:\\\/\\\/geoinnova.cl\\\/alianzas_en\\\/#breadcrumb\",\"itemListElement\":[{\"@type\":\"ListItem\",\"position\":1,\"name\":\"Portada\",\"item\":\"https:\\\/\\\/geoinnova.cl\\\/\"},{\"@type\":\"ListItem\",\"position\":2,\"name\":\"Alianzas_en\"}]},{\"@type\":\"WebSite\",\"@id\":\"https:\\\/\\\/geoinnova.cl\\\/#website\",\"url\":\"https:\\\/\\\/geoinnova.cl\\\/\",\"name\":\"GeoInnova\",\"description\":\"Consultora de recursos geol\u00f3gicos y reservas mineras\",\"publisher\":{\"@id\":\"https:\\\/\\\/geoinnova.cl\\\/#organization\"},\"potentialAction\":[{\"@type\":\"SearchAction\",\"target\":{\"@type\":\"EntryPoint\",\"urlTemplate\":\"https:\\\/\\\/geoinnova.cl\\\/?s={search_term_string}\"},\"query-input\":{\"@type\":\"PropertyValueSpecification\",\"valueRequired\":true,\"valueName\":\"search_term_string\"}}],\"inLanguage\":\"en-US\"},{\"@type\":\"Organization\",\"@id\":\"https:\\\/\\\/geoinnova.cl\\\/#organization\",\"name\":\"GeoInnova\",\"url\":\"https:\\\/\\\/geoinnova.cl\\\/\",\"logo\":{\"@type\":\"ImageObject\",\"inLanguage\":\"en-US\",\"@id\":\"https:\\\/\\\/geoinnova.cl\\\/#\\\/schema\\\/logo\\\/image\\\/\",\"url\":\"https:\\\/\\\/geoinnova.cl\\\/wp-content\\\/uploads\\\/2025\\\/04\\\/logo.png\",\"contentUrl\":\"https:\\\/\\\/geoinnova.cl\\\/wp-content\\\/uploads\\\/2025\\\/04\\\/logo.png\",\"width\":244,\"height\":122,\"caption\":\"GeoInnova\"},\"image\":{\"@id\":\"https:\\\/\\\/geoinnova.cl\\\/#\\\/schema\\\/logo\\\/image\\\/\"}}]}<\/script>\n<!-- \/ Yoast SEO plugin. -->","yoast_head_json":{"title":"Alianzas_en - GeoInnova","description":"GeoInnova es una empresa consultora de ingenier\u00eda y geociencias aplicadas a la miner\u00eda. Hacemos \u00e9nfasis en las transferencias de tecnolog\u00edas existentes y el ...","robots":{"index":"noindex","follow":"follow"},"og_locale":"en_US","og_type":"article","og_title":"Alianzas_en - GeoInnova","og_description":"GeoInnova es una empresa consultora de ingenier\u00eda y geociencias aplicadas a la miner\u00eda. Hacemos \u00e9nfasis en las transferencias de tecnolog\u00edas existentes y el ...","og_url":"https:\/\/geoinnova.cl\/en\/alianzas_en\/","og_site_name":"GeoInnova","article_modified_time":"2025-05-20T19:52:09+00:00","twitter_card":"summary_large_image","twitter_misc":{"Est. reading time":"1 minute"},"schema":{"@context":"https:\/\/schema.org","@graph":[{"@type":"WebPage","@id":"https:\/\/geoinnova.cl\/alianzas_en\/","url":"https:\/\/geoinnova.cl\/alianzas_en\/","name":"Alianzas_en - GeoInnova","isPartOf":{"@id":"https:\/\/geoinnova.cl\/#website"},"datePublished":"2016-09-26T02:13:37+00:00","dateModified":"2025-05-20T19:52:09+00:00","description":"GeoInnova es una empresa consultora de ingenier\u00eda y geociencias aplicadas a la miner\u00eda. Hacemos \u00e9nfasis en las transferencias de tecnolog\u00edas existentes y el ...","breadcrumb":{"@id":"https:\/\/geoinnova.cl\/alianzas_en\/#breadcrumb"},"inLanguage":"en-US","potentialAction":[{"@type":"ReadAction","target":["https:\/\/geoinnova.cl\/alianzas_en\/"]}]},{"@type":"BreadcrumbList","@id":"https:\/\/geoinnova.cl\/alianzas_en\/#breadcrumb","itemListElement":[{"@type":"ListItem","position":1,"name":"Portada","item":"https:\/\/geoinnova.cl\/"},{"@type":"ListItem","position":2,"name":"Alianzas_en"}]},{"@type":"WebSite","@id":"https:\/\/geoinnova.cl\/#website","url":"https:\/\/geoinnova.cl\/","name":"GeoInnova","description":"Consultora de recursos geol\u00f3gicos y reservas mineras","publisher":{"@id":"https:\/\/geoinnova.cl\/#organization"},"potentialAction":[{"@type":"SearchAction","target":{"@type":"EntryPoint","urlTemplate":"https:\/\/geoinnova.cl\/?s={search_term_string}"},"query-input":{"@type":"PropertyValueSpecification","valueRequired":true,"valueName":"search_term_string"}}],"inLanguage":"en-US"},{"@type":"Organization","@id":"https:\/\/geoinnova.cl\/#organization","name":"GeoInnova","url":"https:\/\/geoinnova.cl\/","logo":{"@type":"ImageObject","inLanguage":"en-US","@id":"https:\/\/geoinnova.cl\/#\/schema\/logo\/image\/","url":"https:\/\/geoinnova.cl\/wp-content\/uploads\/2025\/04\/logo.png","contentUrl":"https:\/\/geoinnova.cl\/wp-content\/uploads\/2025\/04\/logo.png","width":244,"height":122,"caption":"GeoInnova"},"image":{"@id":"https:\/\/geoinnova.cl\/#\/schema\/logo\/image\/"}}]}},"_links":{"self":[{"href":"https:\/\/geoinnova.cl\/en\/wp-json\/wp\/v2\/pages\/4059","targetHints":{"allow":["GET"]}}],"collection":[{"href":"https:\/\/geoinnova.cl\/en\/wp-json\/wp\/v2\/pages"}],"about":[{"href":"https:\/\/geoinnova.cl\/en\/wp-json\/wp\/v2\/types\/page"}],"author":[{"embeddable":true,"href":"https:\/\/geoinnova.cl\/en\/wp-json\/wp\/v2\/users\/3"}],"replies":[{"embeddable":true,"href":"https:\/\/geoinnova.cl\/en\/wp-json\/wp\/v2\/comments?post=4059"}],"version-history":[{"count":1,"href":"https:\/\/geoinnova.cl\/en\/wp-json\/wp\/v2\/pages\/4059\/revisions"}],"predecessor-version":[{"id":7042,"href":"https:\/\/geoinnova.cl\/en\/wp-json\/wp\/v2\/pages\/4059\/revisions\/7042"}],"wp:attachment":[{"href":"https:\/\/geoinnova.cl\/en\/wp-json\/wp\/v2\/media?parent=4059"}],"curies":[{"name":"wp","href":"https:\/\/api.w.org\/{rel}","templated":true}]}}